{"id":8566,"date":"2025-10-30T10:31:15","date_gmt":"2025-10-30T02:31:15","guid":{"rendered":"https:\/\/yourstc.store\/?post_type=product&#038;p=8566"},"modified":"2026-03-13T19:55:04","modified_gmt":"2026-03-13T11:55:04","slug":"west-lake-blue-8-piece-travel-coffee-set-480ml","status":"publish","type":"product","link":"https:\/\/yourstc.store\/zh-hans\/product\/west-lake-blue-8-piece-travel-coffee-set-480ml\/","title":{"rendered":"Lady Turquioa 8-piece Travel Coffee Set (480ml)"},"content":{"rendered":"<table class=\" aligncenter\" style=\"height: 408px\" width=\"939\">\n<tbody>\n<tr>\n<td style=\"text-align: center\" width=\"654\">Category<\/td>\n<td style=\"text-align: center\" width=\"999\">Tea Set<\/td>\n<\/tr>\n<tr>\n<td>Material<\/td>\n<td>Ceramic\u3001Stainless Steel<\/td>\n<\/tr>\n<tr>\n<td>Style<\/td>\n<td>Chinese<\/td>\n<\/tr>\n<tr>\n<td>Teapot Cup Material<\/td>\n<td>Ceramic<\/td>\n<\/tr>\n<tr>\n<td>Functionality<\/td>\n<td>Non-functional<\/td>\n<\/tr>\n<tr>\n<td>Packaging Method<\/td>\n<td>Premium Gift Box<\/td>\n<\/tr>\n<tr>\n<td>Packing List<\/td>\n<td width=\"999\">1 \u00d7 480ml teapot (2-handle)<br \/>\n2 \u00d7 150ml cups<br \/>\n2 \u00d7 125mm saucers<br \/>\n2 dessert spoons<\/td>\n<\/tr>\n<\/tbody>\n<\/table>\n<p><img fetchpriority=\"high\" decoding=\"async\" class=\"aligncenter size-full wp-image-20785\" src=\"https:\/\/yourstc.store\/wp-content\/uploads\/2025\/10\/53c641f7d7efa82d_\u526f\u672c.png\" alt=\"\" width=\"790\" height=\"453\" srcset=\"https:\/\/yourstc.store\/wp-content\/uploads\/2025\/10\/53c641f7d7efa82d_\u526f\u672c.png 790w, https:\/\/yourstc.store\/wp-content\/uploads\/2025\/10\/53c641f7d7efa82d_\u526f\u672c-300x172.png 300w, https:\/\/yourstc.store\/wp-content\/uploads\/2025\/10\/53c641f7d7efa82d_\u526f\u672c-768x440.png 768w, https:\/\/yourstc.store\/wp-content\/uploads\/2025\/10\/53c641f7d7efa82d_\u526f\u672c-600x344.png 600w, https:\/\/yourstc.store\/wp-content\/uploads\/2025\/10\/53c641f7d7efa82d_\u526f\u672c-150x86.png 150w\" sizes=\"(max-width: 790px) 100vw, 790px\" \/> <img decoding=\"async\" class=\"aligncenter size-full wp-image-20791\" src=\"https:\/\/yourstc.store\/wp-content\/uploads\/2025\/10\/59aacd3b8b3e8ff0_\u526f\u672c.png\" alt=\"\" width=\"790\" height=\"451\" srcset=\"https:\/\/yourstc.store\/wp-content\/uploads\/2025\/10\/59aacd3b8b3e8ff0_\u526f\u672c.png 790w, https:\/\/yourstc.store\/wp-content\/uploads\/2025\/10\/59aacd3b8b3e8ff0_\u526f\u672c-300x171.png 300w, https:\/\/yourstc.store\/wp-content\/uploads\/2025\/10\/59aacd3b8b3e8ff0_\u526f\u672c-768x438.png 768w, https:\/\/yourstc.store\/wp-content\/uploads\/2025\/10\/59aacd3b8b3e8ff0_\u526f\u672c-600x343.png 600w, https:\/\/yourstc.store\/wp-content\/uploads\/2025\/10\/59aacd3b8b3e8ff0_\u526f\u672c-150x86.png 150w\" sizes=\"(max-width: 790px) 100vw, 790px\" \/> <img decoding=\"async\" class=\"aligncenter size-full wp-image-20797\" src=\"https:\/\/yourstc.store\/wp-content\/uploads\/2025\/10\/cd0d82e42c0c7a83_\u526f\u672c.png\" alt=\"\" width=\"723\" height=\"624\" srcset=\"https:\/\/yourstc.store\/wp-content\/uploads\/2025\/10\/cd0d82e42c0c7a83_\u526f\u672c.png 723w, https:\/\/yourstc.store\/wp-content\/uploads\/2025\/10\/cd0d82e42c0c7a83_\u526f\u672c-300x259.png 300w, https:\/\/yourstc.store\/wp-content\/uploads\/2025\/10\/cd0d82e42c0c7a83_\u526f\u672c-600x518.png 600w, https:\/\/yourstc.store\/wp-content\/uploads\/2025\/10\/cd0d82e42c0c7a83_\u526f\u672c-150x129.png 150w\" sizes=\"(max-width: 723px) 100vw, 723px\" \/><\/p>\n","protected":false},"excerpt":{"rendered":"<p>Category Tea Set Material Ceramic\u3001Stainless Steel Style Chinese Teapot Cup Material Ceramic Functionality Non-functional Packaging Method Premium Gift Box Packing List 1 \u00d7 480ml teapot (2-handle) 2 \u00d7 150ml cups 2 \u00d7 125mm saucers 2 dessert spoons<\/p>\n","protected":false},"featured_media":8727,"comment_status":"open","ping_status":"closed","template":"","meta":[],"product_brand":[],"product_cat":[291,303,296,40,128,129],"product_tag":[],"class_list":{"0":"post-8566","1":"product","2":"type-product","3":"status-publish","4":"has-post-thumbnail","6":"product_cat-categories","7":"product_cat-for-family-series","8":"product_cat-travel-set","9":"product_cat-ceramic","10":"product_cat-all-series","11":"product_cat-lady-turquioa-series","12":"product_shipping_class-delicate-goods","14":"first","15":"instock","16":"taxable","17":"shipping-taxable","18":"purchasable","19":"product-type-simple"},"_links":{"self":[{"href":"https:\/\/yourstc.store\/zh-hans\/wp-json\/wp\/v2\/product\/8566","targetHints":{"allow":["GET"]}}],"collection":[{"href":"https:\/\/yourstc.store\/zh-hans\/wp-json\/wp\/v2\/product"}],"about":[{"href":"https:\/\/yourstc.store\/zh-hans\/wp-json\/wp\/v2\/types\/product"}],"replies":[{"embeddable":true,"href":"https:\/\/yourstc.store\/zh-hans\/wp-json\/wp\/v2\/comments?post=8566"}],"version-history":[{"count":8,"href":"https:\/\/yourstc.store\/zh-hans\/wp-json\/wp\/v2\/product\/8566\/revisions"}],"predecessor-version":[{"id":20804,"href":"https:\/\/yourstc.store\/zh-hans\/wp-json\/wp\/v2\/product\/8566\/revisions\/20804"}],"wp:featuredmedia":[{"embeddable":true,"href":"https:\/\/yourstc.store\/zh-hans\/wp-json\/wp\/v2\/media\/8727"}],"wp:attachment":[{"href":"https:\/\/yourstc.store\/zh-hans\/wp-json\/wp\/v2\/media?parent=8566"}],"wp:term":[{"taxonomy":"product_brand","embeddable":true,"href":"https:\/\/yourstc.store\/zh-hans\/wp-json\/wp\/v2\/product_brand?post=8566"},{"taxonomy":"product_cat","embeddable":true,"href":"https:\/\/yourstc.store\/zh-hans\/wp-json\/wp\/v2\/product_cat?post=8566"},{"taxonomy":"product_tag","embeddable":true,"href":"https:\/\/yourstc.store\/zh-hans\/wp-json\/wp\/v2\/product_tag?post=8566"}],"curies":[{"name":"wp","href":"https:\/\/api.w.org\/{rel}","templated":true}]}}