{"id":8353,"date":"2025-10-30T10:27:35","date_gmt":"2025-10-30T02:27:35","guid":{"rendered":"https:\/\/yourstc.store\/?post_type=product&#038;p=8353"},"modified":"2026-03-13T19:55:04","modified_gmt":"2026-03-13T11:55:04","slug":"west-lake-blue-4-piece-coffee-set-180ml","status":"publish","type":"product","link":"https:\/\/yourstc.store\/zh-hans\/product\/west-lake-blue-4-piece-coffee-set-180ml\/","title":{"rendered":"Lady Turquioa 4-piece Coffee Set (180ml)"},"content":{"rendered":"<table class=\" aligncenter\" style=\"border-collapse: collapse;width: 424px;height: 380px\" border=\"0\" width=\"1653\" cellspacing=\"0\" cellpadding=\"0\">\n<tbody>\n<tr style=\"height: 13.50pt\">\n<td class=\"et2\" style=\"height: 13.50pt;width: 245.30pt\" width=\"654\" height=\"36\">Category<\/td>\n<td class=\"et2\" style=\"width: 374.70pt\" width=\"999\">Tea Set<\/td>\n<\/tr>\n<tr style=\"height: 13.50pt\">\n<td class=\"et2\" style=\"height: 13.50pt\" height=\"36\">Material<\/td>\n<td class=\"et2\">Ceramic<\/td>\n<\/tr>\n<tr style=\"height: 13.50pt\">\n<td class=\"et2\" style=\"height: 13.50pt\" height=\"36\">Craftsmanship<\/td>\n<td class=\"et2\">White Glaze<\/td>\n<\/tr>\n<tr style=\"height: 13.50pt\">\n<td class=\"et2\" style=\"height: 13.50pt\" height=\"36\">Style<\/td>\n<td class=\"et2\">Chinese<\/td>\n<\/tr>\n<tr style=\"height: 13.50pt\">\n<td class=\"et2\" style=\"height: 13.50pt\" height=\"36\">Functionality<\/td>\n<td class=\"et2\">Non-functional<\/td>\n<\/tr>\n<tr style=\"height: 13.50pt\">\n<td class=\"et2\" style=\"height: 13.50pt\" height=\"36\">Packaging Method<\/td>\n<td class=\"et2\">Premium Gift Box<\/td>\n<\/tr>\n<tr style=\"height: 40.50pt\">\n<td class=\"et2\" style=\"height: 40.50pt\" height=\"108\">Packing List<\/td>\n<td class=\"et3\" style=\"width: 374.70pt\" width=\"999\">1 \u00d7 180ml teapot (2-handle)<br \/>\n1 \u00d7 160ml tea cup<br \/>\n1 \u00d7 146mm tea saucer<\/td>\n<\/tr>\n<\/tbody>\n<\/table>\n<p><img fetchpriority=\"high\" decoding=\"async\" class=\"aligncenter size-full wp-image-20866\" src=\"https:\/\/yourstc.store\/wp-content\/uploads\/2025\/10\/4b1a3963d40e839b_\u526f\u672c.png\" alt=\"\" width=\"790\" height=\"785\" srcset=\"https:\/\/yourstc.store\/wp-content\/uploads\/2025\/10\/4b1a3963d40e839b_\u526f\u672c.png 790w, https:\/\/yourstc.store\/wp-content\/uploads\/2025\/10\/4b1a3963d40e839b_\u526f\u672c-300x298.png 300w, https:\/\/yourstc.store\/wp-content\/uploads\/2025\/10\/4b1a3963d40e839b_\u526f\u672c-150x149.png 150w, https:\/\/yourstc.store\/wp-content\/uploads\/2025\/10\/4b1a3963d40e839b_\u526f\u672c-768x763.png 768w, https:\/\/yourstc.store\/wp-content\/uploads\/2025\/10\/4b1a3963d40e839b_\u526f\u672c-600x596.png 600w\" sizes=\"(max-width: 790px) 100vw, 790px\" \/> <img decoding=\"async\" class=\"aligncenter size-full wp-image-20872\" src=\"https:\/\/yourstc.store\/wp-content\/uploads\/2025\/10\/608903f30325cb8c_\u526f\u672c.png\" alt=\"\" width=\"790\" height=\"756\" srcset=\"https:\/\/yourstc.store\/wp-content\/uploads\/2025\/10\/608903f30325cb8c_\u526f\u672c.png 790w, https:\/\/yourstc.store\/wp-content\/uploads\/2025\/10\/608903f30325cb8c_\u526f\u672c-300x287.png 300w, https:\/\/yourstc.store\/wp-content\/uploads\/2025\/10\/608903f30325cb8c_\u526f\u672c-768x735.png 768w, https:\/\/yourstc.store\/wp-content\/uploads\/2025\/10\/608903f30325cb8c_\u526f\u672c-600x574.png 600w, https:\/\/yourstc.store\/wp-content\/uploads\/2025\/10\/608903f30325cb8c_\u526f\u672c-150x144.png 150w\" sizes=\"(max-width: 790px) 100vw, 790px\" \/> <img decoding=\"async\" class=\"aligncenter size-full wp-image-20878\" src=\"https:\/\/yourstc.store\/wp-content\/uploads\/2025\/10\/d1d12123770e9ef7_\u526f\u672c.png\" alt=\"\" width=\"790\" height=\"1070\" srcset=\"https:\/\/yourstc.store\/wp-content\/uploads\/2025\/10\/d1d12123770e9ef7_\u526f\u672c.png 790w, https:\/\/yourstc.store\/wp-content\/uploads\/2025\/10\/d1d12123770e9ef7_\u526f\u672c-221x300.png 221w, https:\/\/yourstc.store\/wp-content\/uploads\/2025\/10\/d1d12123770e9ef7_\u526f\u672c-756x1024.png 756w, https:\/\/yourstc.store\/wp-content\/uploads\/2025\/10\/d1d12123770e9ef7_\u526f\u672c-768x1040.png 768w, https:\/\/yourstc.store\/wp-content\/uploads\/2025\/10\/d1d12123770e9ef7_\u526f\u672c-600x813.png 600w, https:\/\/yourstc.store\/wp-content\/uploads\/2025\/10\/d1d12123770e9ef7_\u526f\u672c-148x200.png 148w\" sizes=\"(max-width: 790px) 100vw, 790px\" \/><\/p>\n","protected":false},"excerpt":{"rendered":"<p>Category Tea Set Material Ceramic Craftsmanship White Glaze Style Chinese Functionality Non-functional Packaging Method Premium Gift Box Packing List 1 \u00d7 180ml teapot (2-handle) 1 \u00d7 160ml tea cup 1 \u00d7 146mm tea saucer<\/p>\n","protected":false},"featured_media":8391,"comment_status":"open","ping_status":"closed","template":"","meta":[],"product_brand":[],"product_cat":[303,40,128,129],"product_tag":[],"class_list":{"0":"post-8353","1":"product","2":"type-product","3":"status-publish","4":"has-post-thumbnail","6":"product_cat-for-family-series","7":"product_cat-ceramic","8":"product_cat-all-series","9":"product_cat-lady-turquioa-series","10":"product_shipping_class-delicate-goods","12":"first","13":"instock","14":"taxable","15":"shipping-taxable","16":"purchasable","17":"product-type-simple"},"_links":{"self":[{"href":"https:\/\/yourstc.store\/zh-hans\/wp-json\/wp\/v2\/product\/8353","targetHints":{"allow":["GET"]}}],"collection":[{"href":"https:\/\/yourstc.store\/zh-hans\/wp-json\/wp\/v2\/product"}],"about":[{"href":"https:\/\/yourstc.store\/zh-hans\/wp-json\/wp\/v2\/types\/product"}],"replies":[{"embeddable":true,"href":"https:\/\/yourstc.store\/zh-hans\/wp-json\/wp\/v2\/comments?post=8353"}],"version-history":[{"count":6,"href":"https:\/\/yourstc.store\/zh-hans\/wp-json\/wp\/v2\/product\/8353\/revisions"}],"predecessor-version":[{"id":20884,"href":"https:\/\/yourstc.store\/zh-hans\/wp-json\/wp\/v2\/product\/8353\/revisions\/20884"}],"wp:featuredmedia":[{"embeddable":true,"href":"https:\/\/yourstc.store\/zh-hans\/wp-json\/wp\/v2\/media\/8391"}],"wp:attachment":[{"href":"https:\/\/yourstc.store\/zh-hans\/wp-json\/wp\/v2\/media?parent=8353"}],"wp:term":[{"taxonomy":"product_brand","embeddable":true,"href":"https:\/\/yourstc.store\/zh-hans\/wp-json\/wp\/v2\/product_brand?post=8353"},{"taxonomy":"product_cat","embeddable":true,"href":"https:\/\/yourstc.store\/zh-hans\/wp-json\/wp\/v2\/product_cat?post=8353"},{"taxonomy":"product_tag","embeddable":true,"href":"https:\/\/yourstc.store\/zh-hans\/wp-json\/wp\/v2\/product_tag?post=8353"}],"curies":[{"name":"wp","href":"https:\/\/api.w.org\/{rel}","templated":true}]}}