{"id":18973,"date":"2025-11-18T14:30:01","date_gmt":"2025-11-18T06:30:01","guid":{"rendered":"https:\/\/yourstc.store\/product\/lunar-chronicles-9-piece-set-for-4-people\/"},"modified":"2026-03-13T19:52:07","modified_gmt":"2026-03-13T11:52:07","slug":"lunar-chronicles-9-piece-set-for-4-people","status":"publish","type":"product","link":"https:\/\/yourstc.store\/zh-hans\/product\/lunar-chronicles-9-piece-set-for-4-people\/","title":{"rendered":"Lunar Chronicles 9-piece Set for 4 People"},"content":{"rendered":"<table class=\" aligncenter\" style=\"border-collapse: collapse;width: 352px;height: 412px\" border=\"0\" width=\"1316\" cellspacing=\"0\" cellpadding=\"0\">\n<tbody>\n<tr style=\"height: 13.50pt\">\n<td class=\"et2\" style=\"height: 13.50pt;width: 187.55pt\" width=\"500\" height=\"36\">Category<\/td>\n<td class=\"et2\" style=\"width: 306.00pt\" width=\"816\">Tea Set<\/td>\n<\/tr>\n<tr style=\"height: 13.50pt\">\n<td class=\"et2\" style=\"height: 13.50pt\" height=\"36\">Material<\/td>\n<td class=\"et2\">Ceramic<\/td>\n<\/tr>\n<tr style=\"height: 13.50pt\">\n<td class=\"et2\" style=\"height: 13.50pt\" height=\"36\">Craftsmanship<\/td>\n<td class=\"et2\">Decal<\/td>\n<\/tr>\n<tr style=\"height: 13.50pt\">\n<td class=\"et2\" style=\"height: 13.50pt\" height=\"36\">Style<\/td>\n<td class=\"et2\">Chinese<\/td>\n<\/tr>\n<tr style=\"height: 13.50pt\">\n<td class=\"et2\" style=\"height: 13.50pt\" height=\"36\">Packaging Method<\/td>\n<td class=\"et2\">Premium Gift Box<\/td>\n<\/tr>\n<tr style=\"height: 54.00pt\">\n<td class=\"et2\" style=\"height: 54.00pt\" height=\"144\">Packing List<\/td>\n<td class=\"et3\" style=\"width: 306pt;text-align: center\" width=\"816\">1 \u00d7 120ml three-piece lidded bowl (gaiwan)<br \/>\n4 \u00d7 55ml tea cups<br \/>\n1 \u00d7 260ml fairness pitcher (cha hai)<br \/>\n1 \u00d7 92mm tea strainer<\/td>\n<\/tr>\n<\/tbody>\n<\/table>\n<p><img fetchpriority=\"high\" decoding=\"async\" class=\"aligncenter size-full wp-image-21987\" src=\"https:\/\/yourstc.store\/wp-content\/uploads\/2025\/11\/7d390716412d4f0d_\u526f\u672c.png\" alt=\"\" width=\"790\" height=\"729\" srcset=\"https:\/\/yourstc.store\/wp-content\/uploads\/2025\/11\/7d390716412d4f0d_\u526f\u672c.png 790w, https:\/\/yourstc.store\/wp-content\/uploads\/2025\/11\/7d390716412d4f0d_\u526f\u672c-300x277.png 300w, https:\/\/yourstc.store\/wp-content\/uploads\/2025\/11\/7d390716412d4f0d_\u526f\u672c-768x709.png 768w, https:\/\/yourstc.store\/wp-content\/uploads\/2025\/11\/7d390716412d4f0d_\u526f\u672c-600x554.png 600w, https:\/\/yourstc.store\/wp-content\/uploads\/2025\/11\/7d390716412d4f0d_\u526f\u672c-150x138.png 150w\" sizes=\"(max-width: 790px) 100vw, 790px\" \/> <img decoding=\"async\" class=\"aligncenter size-full wp-image-21993\" src=\"https:\/\/yourstc.store\/wp-content\/uploads\/2025\/11\/147475e23795af48_\u526f\u672c.png\" alt=\"\" width=\"790\" height=\"743\" srcset=\"https:\/\/yourstc.store\/wp-content\/uploads\/2025\/11\/147475e23795af48_\u526f\u672c.png 790w, https:\/\/yourstc.store\/wp-content\/uploads\/2025\/11\/147475e23795af48_\u526f\u672c-300x282.png 300w, https:\/\/yourstc.store\/wp-content\/uploads\/2025\/11\/147475e23795af48_\u526f\u672c-768x722.png 768w, https:\/\/yourstc.store\/wp-content\/uploads\/2025\/11\/147475e23795af48_\u526f\u672c-600x564.png 600w, https:\/\/yourstc.store\/wp-content\/uploads\/2025\/11\/147475e23795af48_\u526f\u672c-150x141.png 150w\" sizes=\"(max-width: 790px) 100vw, 790px\" \/> <img decoding=\"async\" class=\"aligncenter size-full wp-image-21999\" src=\"https:\/\/yourstc.store\/wp-content\/uploads\/2025\/11\/cf51ee3f3ea2aa37_\u526f\u672c.png\" alt=\"\" width=\"790\" height=\"1036\" srcset=\"https:\/\/yourstc.store\/wp-content\/uploads\/2025\/11\/cf51ee3f3ea2aa37_\u526f\u672c.png 790w, https:\/\/yourstc.store\/wp-content\/uploads\/2025\/11\/cf51ee3f3ea2aa37_\u526f\u672c-229x300.png 229w, https:\/\/yourstc.store\/wp-content\/uploads\/2025\/11\/cf51ee3f3ea2aa37_\u526f\u672c-781x1024.png 781w, https:\/\/yourstc.store\/wp-content\/uploads\/2025\/11\/cf51ee3f3ea2aa37_\u526f\u672c-768x1007.png 768w, https:\/\/yourstc.store\/wp-content\/uploads\/2025\/11\/cf51ee3f3ea2aa37_\u526f\u672c-600x787.png 600w, https:\/\/yourstc.store\/wp-content\/uploads\/2025\/11\/cf51ee3f3ea2aa37_\u526f\u672c-150x197.png 150w\" sizes=\"(max-width: 790px) 100vw, 790px\" \/><\/p>\n","protected":false},"excerpt":{"rendered":"<p>Category Tea Set Material Ceramic Craftsmanship Decal Style Chinese Packaging Method Premium Gift Box Packing List 1 \u00d7 120ml three-piece lidded bowl (gaiwan) 4 \u00d7 55ml tea cups 1 \u00d7 260ml fairness pitcher (cha hai) 1 \u00d7 92mm tea strainer<\/p>\n","protected":false},"featured_media":18533,"comment_status":"open","ping_status":"closed","template":"","meta":[],"product_brand":[],"product_cat":[274],"product_tag":[],"class_list":{"0":"post-18973","1":"product","2":"type-product","3":"status-publish","4":"has-post-thumbnail","6":"product_cat-lunar-chronicles-series","7":"product_shipping_class-delicate-goods","9":"first","10":"instock","11":"taxable","12":"shipping-taxable","13":"purchasable","14":"product-type-simple"},"_links":{"self":[{"href":"https:\/\/yourstc.store\/zh-hans\/wp-json\/wp\/v2\/product\/18973","targetHints":{"allow":["GET"]}}],"collection":[{"href":"https:\/\/yourstc.store\/zh-hans\/wp-json\/wp\/v2\/product"}],"about":[{"href":"https:\/\/yourstc.store\/zh-hans\/wp-json\/wp\/v2\/types\/product"}],"replies":[{"embeddable":true,"href":"https:\/\/yourstc.store\/zh-hans\/wp-json\/wp\/v2\/comments?post=18973"}],"version-history":[{"count":4,"href":"https:\/\/yourstc.store\/zh-hans\/wp-json\/wp\/v2\/product\/18973\/revisions"}],"predecessor-version":[{"id":22007,"href":"https:\/\/yourstc.store\/zh-hans\/wp-json\/wp\/v2\/product\/18973\/revisions\/22007"}],"wp:featuredmedia":[{"embeddable":true,"href":"https:\/\/yourstc.store\/zh-hans\/wp-json\/wp\/v2\/media\/18533"}],"wp:attachment":[{"href":"https:\/\/yourstc.store\/zh-hans\/wp-json\/wp\/v2\/media?parent=18973"}],"wp:term":[{"taxonomy":"product_brand","embeddable":true,"href":"https:\/\/yourstc.store\/zh-hans\/wp-json\/wp\/v2\/product_brand?post=18973"},{"taxonomy":"product_cat","embeddable":true,"href":"https:\/\/yourstc.store\/zh-hans\/wp-json\/wp\/v2\/product_cat?post=18973"},{"taxonomy":"product_tag","embeddable":true,"href":"https:\/\/yourstc.store\/zh-hans\/wp-json\/wp\/v2\/product_tag?post=18973"}],"curies":[{"name":"wp","href":"https:\/\/api.w.org\/{rel}","templated":true}]}}