{"id":18964,"date":"2025-11-18T14:29:49","date_gmt":"2025-11-18T06:29:49","guid":{"rendered":"https:\/\/yourstc.store\/product\/lunar-chronicles-36-piece-kung-fu-set\/"},"modified":"2026-03-13T19:52:08","modified_gmt":"2026-03-13T11:52:08","slug":"lunar-chronicles-36-piece-kung-fu-set","status":"publish","type":"product","link":"https:\/\/yourstc.store\/zh-hans\/product\/lunar-chronicles-36-piece-kung-fu-set\/","title":{"rendered":"Lunar Chronicles 36-Piece Kung Fu Set"},"content":{"rendered":"<table class=\" aligncenter\" style=\"border-collapse: collapse;width: 565px;height: 670px\" border=\"0\" width=\"1316\" cellspacing=\"0\" cellpadding=\"0\">\n<tbody>\n<tr style=\"height: 13.50pt\">\n<td class=\"et2\" style=\"height: 13.50pt;width: 187.55pt\" width=\"500\" height=\"36\">Category<\/td>\n<td class=\"et2\" style=\"width: 306.00pt\" width=\"816\">Tea Set<\/td>\n<\/tr>\n<tr style=\"height: 13.50pt\">\n<td class=\"et2\" style=\"height: 13.50pt\" height=\"36\">Material<\/td>\n<td class=\"et2\">Ceramic\u3001Silicone rubber<\/td>\n<\/tr>\n<tr style=\"height: 13.50pt\">\n<td class=\"et2\" style=\"height: 13.50pt\" height=\"36\">Style<\/td>\n<td class=\"et2\">European<\/td>\n<\/tr>\n<tr style=\"height: 13.50pt\">\n<td class=\"et2\" style=\"height: 13.50pt\" height=\"36\">Teapot Cup Material<\/td>\n<td class=\"et2\">Ceramic<\/td>\n<\/tr>\n<tr style=\"height: 13.50pt\">\n<td class=\"et2\" style=\"height: 13.50pt\" height=\"36\">Functionality<\/td>\n<td class=\"et2\">Non-functional<\/td>\n<\/tr>\n<tr style=\"height: 13.50pt\">\n<td class=\"et2\" style=\"height: 13.50pt\" height=\"36\">Packaging Method<\/td>\n<td class=\"et2\">Premium Gift Box<\/td>\n<\/tr>\n<tr style=\"height: 189.00pt\">\n<td class=\"et2\" style=\"height: 189.00pt\" height=\"504\">Packing List<\/td>\n<td class=\"et3\" style=\"width: 306pt;text-align: center\" width=\"816\">1 \u00d7 270mm double-compartment tea tray<br \/>\n1 \u00d7 210ml double-spout teapot<br \/>\n1 \u00d7 120ml three-piece lidded bowl (gaiwan)<br \/>\n10 \u00d7 50ml tea cups<br \/>\n10 \u00d7 86mm tea saucers<br \/>\n1 \u00d7 260ml fairness pitcher (cha hai)<br \/>\n1 \u00d7 92mm tea strainer<br \/>\n1 \u00d7 108mm lid rest<br \/>\n1 \u00d7 170mm teapot coaster (or pot stand)<br \/>\n1 \u00d7 150mm tea scoop<br \/>\n1 \u00d7 1.3L waste water bowl (jian shui)<br \/>\n1 \u00d7 161mm vase<br \/>\n1 \u00d7 750ml double-compartment tea caddy<br \/>\n1 \u00d7 silicone gasket (or rubber seal ring)<\/td>\n<\/tr>\n<\/tbody>\n<\/table>\n<p><img fetchpriority=\"high\" decoding=\"async\" class=\"aligncenter size-full wp-image-22342\" src=\"https:\/\/yourstc.store\/wp-content\/uploads\/2025\/11\/7e7c89de3f86434e.jpg_\u526f\u672c.jpg\" alt=\"\" width=\"750\" height=\"1580\" srcset=\"https:\/\/yourstc.store\/wp-content\/uploads\/2025\/11\/7e7c89de3f86434e.jpg_\u526f\u672c.jpg 750w, https:\/\/yourstc.store\/wp-content\/uploads\/2025\/11\/7e7c89de3f86434e.jpg_\u526f\u672c-142x300.jpg 142w, https:\/\/yourstc.store\/wp-content\/uploads\/2025\/11\/7e7c89de3f86434e.jpg_\u526f\u672c-486x1024.jpg 486w, https:\/\/yourstc.store\/wp-content\/uploads\/2025\/11\/7e7c89de3f86434e.jpg_\u526f\u672c-729x1536.jpg 729w, https:\/\/yourstc.store\/wp-content\/uploads\/2025\/11\/7e7c89de3f86434e.jpg_\u526f\u672c-600x1264.jpg 600w, https:\/\/yourstc.store\/wp-content\/uploads\/2025\/11\/7e7c89de3f86434e.jpg_\u526f\u672c-95x200.jpg 95w\" sizes=\"(max-width: 750px) 100vw, 750px\" \/> <img decoding=\"async\" class=\"aligncenter size-full wp-image-22348\" src=\"https:\/\/yourstc.store\/wp-content\/uploads\/2025\/11\/5141964d4ce2dc02.jpg_\u526f\u672c.jpg\" alt=\"\" width=\"750\" height=\"999\" srcset=\"https:\/\/yourstc.store\/wp-content\/uploads\/2025\/11\/5141964d4ce2dc02.jpg_\u526f\u672c.jpg 750w, https:\/\/yourstc.store\/wp-content\/uploads\/2025\/11\/5141964d4ce2dc02.jpg_\u526f\u672c-225x300.jpg 225w, https:\/\/yourstc.store\/wp-content\/uploads\/2025\/11\/5141964d4ce2dc02.jpg_\u526f\u672c-300x400.jpg 300w, https:\/\/yourstc.store\/wp-content\/uploads\/2025\/11\/5141964d4ce2dc02.jpg_\u526f\u672c-600x799.jpg 600w, https:\/\/yourstc.store\/wp-content\/uploads\/2025\/11\/5141964d4ce2dc02.jpg_\u526f\u672c-150x200.jpg 150w\" sizes=\"(max-width: 750px) 100vw, 750px\" \/> <img decoding=\"async\" class=\"aligncenter size-full wp-image-22354\" src=\"https:\/\/yourstc.store\/wp-content\/uploads\/2025\/11\/f609a7dd20d4fd6d.jpg_\u526f\u672c.jpg\" alt=\"\" width=\"750\" height=\"1159\" srcset=\"https:\/\/yourstc.store\/wp-content\/uploads\/2025\/11\/f609a7dd20d4fd6d.jpg_\u526f\u672c.jpg 750w, https:\/\/yourstc.store\/wp-content\/uploads\/2025\/11\/f609a7dd20d4fd6d.jpg_\u526f\u672c-194x300.jpg 194w, https:\/\/yourstc.store\/wp-content\/uploads\/2025\/11\/f609a7dd20d4fd6d.jpg_\u526f\u672c-663x1024.jpg 663w, https:\/\/yourstc.store\/wp-content\/uploads\/2025\/11\/f609a7dd20d4fd6d.jpg_\u526f\u672c-600x927.jpg 600w, https:\/\/yourstc.store\/wp-content\/uploads\/2025\/11\/f609a7dd20d4fd6d.jpg_\u526f\u672c-129x200.jpg 129w\" sizes=\"(max-width: 750px) 100vw, 750px\" \/><\/p>\n","protected":false},"excerpt":{"rendered":"<p>Category Tea Set Material Ceramic\u3001Silicone rubber Style European Teapot Cup Material Ceramic Functionality Non-functional Packaging Method Premium Gift Box Packing List 1 \u00d7 270mm double-compartment tea tray 1 \u00d7 210ml double-spout teapot 1 \u00d7 120ml three-piece lidded bowl (gaiwan) 10 \u00d7 50ml tea cups 10 \u00d7 86mm tea saucers 1 \u00d7 260ml fairness pitcher (cha hai) 1 \u00d7 92mm tea strainer 1 \u00d7 108mm lid rest 1 \u00d7 170mm teapot coaster (or pot stand) 1 \u00d7 150mm tea scoop 1 \u00d7 1.3L waste water bowl (jian shui) 1 \u00d7 161mm vase 1 \u00d7 750ml double-compartment tea caddy 1 \u00d7 silicone gasket (or rubber seal ring)<\/p>\n","protected":false},"featured_media":18785,"comment_status":"open","ping_status":"closed","template":"","meta":[],"product_brand":[],"product_cat":[274],"product_tag":[],"class_list":{"0":"post-18964","1":"product","2":"type-product","3":"status-publish","4":"has-post-thumbnail","6":"product_cat-lunar-chronicles-series","7":"product_shipping_class-delicate-goods","9":"first","10":"instock","11":"taxable","12":"shipping-taxable","13":"purchasable","14":"product-type-simple"},"_links":{"self":[{"href":"https:\/\/yourstc.store\/zh-hans\/wp-json\/wp\/v2\/product\/18964","targetHints":{"allow":["GET"]}}],"collection":[{"href":"https:\/\/yourstc.store\/zh-hans\/wp-json\/wp\/v2\/product"}],"about":[{"href":"https:\/\/yourstc.store\/zh-hans\/wp-json\/wp\/v2\/types\/product"}],"replies":[{"embeddable":true,"href":"https:\/\/yourstc.store\/zh-hans\/wp-json\/wp\/v2\/comments?post=18964"}],"version-history":[{"count":4,"href":"https:\/\/yourstc.store\/zh-hans\/wp-json\/wp\/v2\/product\/18964\/revisions"}],"predecessor-version":[{"id":22360,"href":"https:\/\/yourstc.store\/zh-hans\/wp-json\/wp\/v2\/product\/18964\/revisions\/22360"}],"wp:featuredmedia":[{"embeddable":true,"href":"https:\/\/yourstc.store\/zh-hans\/wp-json\/wp\/v2\/media\/18785"}],"wp:attachment":[{"href":"https:\/\/yourstc.store\/zh-hans\/wp-json\/wp\/v2\/media?parent=18964"}],"wp:term":[{"taxonomy":"product_brand","embeddable":true,"href":"https:\/\/yourstc.store\/zh-hans\/wp-json\/wp\/v2\/product_brand?post=18964"},{"taxonomy":"product_cat","embeddable":true,"href":"https:\/\/yourstc.store\/zh-hans\/wp-json\/wp\/v2\/product_cat?post=18964"},{"taxonomy":"product_tag","embeddable":true,"href":"https:\/\/yourstc.store\/zh-hans\/wp-json\/wp\/v2\/product_tag?post=18964"}],"curies":[{"name":"wp","href":"https:\/\/api.w.org\/{rel}","templated":true}]}}