{"id":18962,"date":"2025-11-18T14:29:47","date_gmt":"2025-11-18T06:29:47","guid":{"rendered":"https:\/\/yourstc.store\/product\/lunar-chronicles-29-piece-dinnerware-set\/"},"modified":"2026-03-13T19:52:08","modified_gmt":"2026-03-13T11:52:08","slug":"lunar-chronicles-29-piece-dinnerware-set","status":"publish","type":"product","link":"https:\/\/yourstc.store\/zh-hans\/product\/lunar-chronicles-29-piece-dinnerware-set\/","title":{"rendered":"Lunar Chronicles 29-Piece Dinnerware Set"},"content":{"rendered":"<table class=\" aligncenter\" style=\"border-collapse: collapse;width: 459px;height: 611px\" border=\"0\" width=\"1316\" cellspacing=\"0\" cellpadding=\"0\">\n<tbody>\n<tr style=\"height: 13.50pt\">\n<td class=\"et2\" style=\"height: 13.50pt;width: 187.55pt\" width=\"500\" height=\"36\">Category<\/td>\n<td class=\"et2\" style=\"width: 306.00pt\" width=\"816\">Tea Set<\/td>\n<\/tr>\n<tr style=\"height: 13.50pt\">\n<td class=\"et2\" style=\"height: 13.50pt\" height=\"36\">Material<\/td>\n<td class=\"et2\">Ceramic<\/td>\n<\/tr>\n<tr style=\"height: 13.50pt\">\n<td class=\"et2\" style=\"height: 13.50pt\" height=\"36\">Craftsmanship<\/td>\n<td class=\"et2\">Gilded<\/td>\n<\/tr>\n<tr style=\"height: 13.50pt\">\n<td class=\"et2\" style=\"height: 13.50pt\" height=\"36\">Style<\/td>\n<td class=\"et2\">Chinese<\/td>\n<\/tr>\n<tr style=\"height: 13.50pt\">\n<td class=\"et2\" style=\"height: 13.50pt\" height=\"36\">Functionality<\/td>\n<td class=\"et2\">Non-functional<\/td>\n<\/tr>\n<tr style=\"height: 13.50pt\">\n<td class=\"et2\" style=\"height: 13.50pt\" height=\"36\">Packaging Method<\/td>\n<td class=\"et2\">Premium Gift Box<\/td>\n<\/tr>\n<tr style=\"height: 108.00pt\">\n<td class=\"et2\" style=\"height: 108.00pt\" height=\"288\">Packing List<\/td>\n<td class=\"et3\" style=\"width: 306.00pt\" width=\"816\">4 \u00d7 116mm rice bowls<br \/>\n4 \u00d7 136mm soup spoons<br \/>\n4 \u00d7 212mm individual serving plates<br \/>\n4 \u00d7 116mm chopstick rests<br \/>\n2 \u00d7 258mm soup plates<br \/>\n2 \u00d7 225mm dinner plates<br \/>\n1 \u00d7 89mm spoon storage box<br \/>\n4 pairs of ceramic chopsticks<\/td>\n<\/tr>\n<tr style=\"height: 13.50pt\">\n<td class=\"et2\" style=\"height: 13.50pt\" height=\"36\">Remarks<\/td>\n<td class=\"et2\">Wooden stand and wooden chopstick holder not included<\/td>\n<\/tr>\n<\/tbody>\n<\/table>\n<p><img fetchpriority=\"high\" decoding=\"async\" class=\"aligncenter size-full wp-image-22380\" src=\"https:\/\/yourstc.store\/wp-content\/uploads\/2025\/11\/4f649f489ef57739.jpg_\u526f\u672c.jpg\" alt=\"\" width=\"790\" height=\"398\" srcset=\"https:\/\/yourstc.store\/wp-content\/uploads\/2025\/11\/4f649f489ef57739.jpg_\u526f\u672c.jpg 790w, https:\/\/yourstc.store\/wp-content\/uploads\/2025\/11\/4f649f489ef57739.jpg_\u526f\u672c-300x151.jpg 300w, https:\/\/yourstc.store\/wp-content\/uploads\/2025\/11\/4f649f489ef57739.jpg_\u526f\u672c-768x387.jpg 768w, https:\/\/yourstc.store\/wp-content\/uploads\/2025\/11\/4f649f489ef57739.jpg_\u526f\u672c-600x302.jpg 600w, https:\/\/yourstc.store\/wp-content\/uploads\/2025\/11\/4f649f489ef57739.jpg_\u526f\u672c-150x76.jpg 150w\" sizes=\"(max-width: 790px) 100vw, 790px\" \/> <img decoding=\"async\" class=\"aligncenter size-full wp-image-22386\" src=\"https:\/\/yourstc.store\/wp-content\/uploads\/2025\/11\/c36f028f1b22ba6b.jpg_\u526f\u672c.jpg\" alt=\"\" width=\"790\" height=\"1140\" srcset=\"https:\/\/yourstc.store\/wp-content\/uploads\/2025\/11\/c36f028f1b22ba6b.jpg_\u526f\u672c.jpg 790w, https:\/\/yourstc.store\/wp-content\/uploads\/2025\/11\/c36f028f1b22ba6b.jpg_\u526f\u672c-208x300.jpg 208w, https:\/\/yourstc.store\/wp-content\/uploads\/2025\/11\/c36f028f1b22ba6b.jpg_\u526f\u672c-710x1024.jpg 710w, https:\/\/yourstc.store\/wp-content\/uploads\/2025\/11\/c36f028f1b22ba6b.jpg_\u526f\u672c-768x1108.jpg 768w, https:\/\/yourstc.store\/wp-content\/uploads\/2025\/11\/c36f028f1b22ba6b.jpg_\u526f\u672c-600x866.jpg 600w, https:\/\/yourstc.store\/wp-content\/uploads\/2025\/11\/c36f028f1b22ba6b.jpg_\u526f\u672c-139x200.jpg 139w\" sizes=\"(max-width: 790px) 100vw, 790px\" \/> <img decoding=\"async\" class=\"aligncenter size-full wp-image-22392\" src=\"https:\/\/yourstc.store\/wp-content\/uploads\/2025\/11\/e595b3eb9dd90cbe.jpg_\u526f\u672c.jpg\" alt=\"\" width=\"790\" height=\"828\" srcset=\"https:\/\/yourstc.store\/wp-content\/uploads\/2025\/11\/e595b3eb9dd90cbe.jpg_\u526f\u672c.jpg 790w, https:\/\/yourstc.store\/wp-content\/uploads\/2025\/11\/e595b3eb9dd90cbe.jpg_\u526f\u672c-286x300.jpg 286w, https:\/\/yourstc.store\/wp-content\/uploads\/2025\/11\/e595b3eb9dd90cbe.jpg_\u526f\u672c-768x805.jpg 768w, https:\/\/yourstc.store\/wp-content\/uploads\/2025\/11\/e595b3eb9dd90cbe.jpg_\u526f\u672c-600x629.jpg 600w, https:\/\/yourstc.store\/wp-content\/uploads\/2025\/11\/e595b3eb9dd90cbe.jpg_\u526f\u672c-150x157.jpg 150w\" sizes=\"(max-width: 790px) 100vw, 790px\" \/><\/p>\n","protected":false},"excerpt":{"rendered":"<p>Category Tea Set Material Ceramic Craftsmanship Gilded Style Chinese Functionality Non-functional Packaging Method Premium Gift Box Packing List 4 \u00d7 116mm rice bowls 4 \u00d7 136mm soup spoons 4 \u00d7 212mm individual serving plates 4 \u00d7 116mm chopstick rests 2 \u00d7 258mm soup plates 2 \u00d7 225mm dinner plates 1 \u00d7 89mm spoon storage box 4 pairs of ceramic chopsticks Remarks Wooden stand and wooden chopstick holder not included<\/p>\n","protected":false},"featured_media":18731,"comment_status":"open","ping_status":"closed","template":"","meta":[],"product_brand":[],"product_cat":[274],"product_tag":[],"class_list":{"0":"post-18962","1":"product","2":"type-product","3":"status-publish","4":"has-post-thumbnail","6":"product_cat-lunar-chronicles-series","7":"product_shipping_class-delicate-goods","9":"first","10":"instock","11":"taxable","12":"shipping-taxable","13":"purchasable","14":"product-type-simple"},"_links":{"self":[{"href":"https:\/\/yourstc.store\/zh-hans\/wp-json\/wp\/v2\/product\/18962","targetHints":{"allow":["GET"]}}],"collection":[{"href":"https:\/\/yourstc.store\/zh-hans\/wp-json\/wp\/v2\/product"}],"about":[{"href":"https:\/\/yourstc.store\/zh-hans\/wp-json\/wp\/v2\/types\/product"}],"replies":[{"embeddable":true,"href":"https:\/\/yourstc.store\/zh-hans\/wp-json\/wp\/v2\/comments?post=18962"}],"version-history":[{"count":5,"href":"https:\/\/yourstc.store\/zh-hans\/wp-json\/wp\/v2\/product\/18962\/revisions"}],"predecessor-version":[{"id":22398,"href":"https:\/\/yourstc.store\/zh-hans\/wp-json\/wp\/v2\/product\/18962\/revisions\/22398"}],"wp:featuredmedia":[{"embeddable":true,"href":"https:\/\/yourstc.store\/zh-hans\/wp-json\/wp\/v2\/media\/18731"}],"wp:attachment":[{"href":"https:\/\/yourstc.store\/zh-hans\/wp-json\/wp\/v2\/media?parent=18962"}],"wp:term":[{"taxonomy":"product_brand","embeddable":true,"href":"https:\/\/yourstc.store\/zh-hans\/wp-json\/wp\/v2\/product_brand?post=18962"},{"taxonomy":"product_cat","embeddable":true,"href":"https:\/\/yourstc.store\/zh-hans\/wp-json\/wp\/v2\/product_cat?post=18962"},{"taxonomy":"product_tag","embeddable":true,"href":"https:\/\/yourstc.store\/zh-hans\/wp-json\/wp\/v2\/product_tag?post=18962"}],"curies":[{"name":"wp","href":"https:\/\/api.w.org\/{rel}","templated":true}]}}