{"id":18961,"date":"2025-11-18T14:29:47","date_gmt":"2025-11-18T06:29:47","guid":{"rendered":"https:\/\/yourstc.store\/product\/lunar-chronicles-21-piece-chinese-set\/"},"modified":"2026-03-13T19:52:08","modified_gmt":"2026-03-13T11:52:08","slug":"lunar-chronicles-21-piece-chinese-set","status":"publish","type":"product","link":"https:\/\/yourstc.store\/zh-hans\/product\/lunar-chronicles-21-piece-chinese-set\/","title":{"rendered":"Lunar Chronicles 21-Piece Chinese Set"},"content":{"rendered":"<table class=\" aligncenter\" style=\"height: 586px\" width=\"397\">\n<tbody>\n<tr>\n<td style=\"text-align: center\" width=\"500\">Category<\/td>\n<td style=\"text-align: center\" width=\"816\">Tea Set<\/td>\n<\/tr>\n<tr>\n<td>Material<\/td>\n<td>Ceramic<\/td>\n<\/tr>\n<tr>\n<td>Style<\/td>\n<td>European<\/td>\n<\/tr>\n<tr>\n<td>Teapot Cup Material<\/td>\n<td>Ceramic<\/td>\n<\/tr>\n<tr>\n<td>Functionality<\/td>\n<td>Non-functional<\/td>\n<\/tr>\n<tr>\n<td>Packaging Method<\/td>\n<td>Premium Gift Box<\/td>\n<\/tr>\n<tr>\n<td>Packing List<\/td>\n<td width=\"816\">1 \u00d7 210ml double-spout teapot<br \/>\n1 \u00d7 120ml three-piece gaiwan (lidded bowl set)<br \/>\n6 \u00d7 50ml tea cups<br \/>\n6 \u00d7 86mm tea saucers<br \/>\n1 \u00d7 260ml fairness pitcher (cha hai)<br \/>\n1 \u00d7 92mm tea strainer<br \/>\n1 \u00d7 108mm lid rest<br \/>\n1 \u00d7 170mm teapot coaster (or pot stand)<\/td>\n<\/tr>\n<tr>\n<td>Remarks<\/td>\n<td width=\"816\">Comes with a wooden stand (shared with<br \/>\nthe \u201cXingfu Heming\u201d 21-piece display set)<\/td>\n<\/tr>\n<\/tbody>\n<\/table>\n<p><img fetchpriority=\"high\" decoding=\"async\" class=\"aligncenter wp-image-22412\" src=\"https:\/\/yourstc.store\/wp-content\/uploads\/2025\/11\/7f073e08ea04d534.jpg_\u526f\u672c.jpg\" alt=\"\" width=\"791\" height=\"514\" srcset=\"https:\/\/yourstc.store\/wp-content\/uploads\/2025\/11\/7f073e08ea04d534.jpg_\u526f\u672c.jpg 619w, https:\/\/yourstc.store\/wp-content\/uploads\/2025\/11\/7f073e08ea04d534.jpg_\u526f\u672c-300x195.jpg 300w, https:\/\/yourstc.store\/wp-content\/uploads\/2025\/11\/7f073e08ea04d534.jpg_\u526f\u672c-600x390.jpg 600w, https:\/\/yourstc.store\/wp-content\/uploads\/2025\/11\/7f073e08ea04d534.jpg_\u526f\u672c-150x97.jpg 150w\" sizes=\"(max-width: 791px) 100vw, 791px\" \/> <img decoding=\"async\" class=\"aligncenter size-full wp-image-22418\" src=\"https:\/\/yourstc.store\/wp-content\/uploads\/2025\/11\/57899e132c67d5c2.jpg_\u526f\u672c.jpg\" alt=\"\" width=\"790\" height=\"298\" srcset=\"https:\/\/yourstc.store\/wp-content\/uploads\/2025\/11\/57899e132c67d5c2.jpg_\u526f\u672c.jpg 790w, https:\/\/yourstc.store\/wp-content\/uploads\/2025\/11\/57899e132c67d5c2.jpg_\u526f\u672c-300x113.jpg 300w, https:\/\/yourstc.store\/wp-content\/uploads\/2025\/11\/57899e132c67d5c2.jpg_\u526f\u672c-768x290.jpg 768w, https:\/\/yourstc.store\/wp-content\/uploads\/2025\/11\/57899e132c67d5c2.jpg_\u526f\u672c-600x226.jpg 600w, https:\/\/yourstc.store\/wp-content\/uploads\/2025\/11\/57899e132c67d5c2.jpg_\u526f\u672c-150x57.jpg 150w\" sizes=\"(max-width: 790px) 100vw, 790px\" \/> <img decoding=\"async\" class=\"aligncenter size-full wp-image-22424\" src=\"https:\/\/yourstc.store\/wp-content\/uploads\/2025\/11\/be10f3c6a7989791.jpg_\u526f\u672c.jpg\" alt=\"\" width=\"790\" height=\"312\" srcset=\"https:\/\/yourstc.store\/wp-content\/uploads\/2025\/11\/be10f3c6a7989791.jpg_\u526f\u672c.jpg 790w, https:\/\/yourstc.store\/wp-content\/uploads\/2025\/11\/be10f3c6a7989791.jpg_\u526f\u672c-300x118.jpg 300w, https:\/\/yourstc.store\/wp-content\/uploads\/2025\/11\/be10f3c6a7989791.jpg_\u526f\u672c-768x303.jpg 768w, https:\/\/yourstc.store\/wp-content\/uploads\/2025\/11\/be10f3c6a7989791.jpg_\u526f\u672c-600x237.jpg 600w, https:\/\/yourstc.store\/wp-content\/uploads\/2025\/11\/be10f3c6a7989791.jpg_\u526f\u672c-150x59.jpg 150w\" sizes=\"(max-width: 790px) 100vw, 790px\" \/><\/p>\n","protected":false},"excerpt":{"rendered":"<p>Category Tea Set Material Ceramic Style European Teapot Cup Material Ceramic Functionality Non-functional Packaging Method Premium Gift Box Packing List 1 \u00d7 210ml double-spout teapot 1 \u00d7 120ml three-piece gaiwan (lidded bowl set) 6 \u00d7 50ml tea cups 6 \u00d7 86mm tea saucers 1 \u00d7 260ml fairness pitcher (cha hai) 1 \u00d7 92mm tea strainer 1 \u00d7 108mm lid rest 1 \u00d7 170mm teapot coaster (or pot stand) Remarks Comes with a wooden stand (shared with the \u201cXingfu Heming\u201d 21-piece display set)<\/p>\n","protected":false},"featured_media":18701,"comment_status":"open","ping_status":"closed","template":"","meta":[],"product_brand":[],"product_cat":[274],"product_tag":[],"class_list":{"0":"post-18961","1":"product","2":"type-product","3":"status-publish","4":"has-post-thumbnail","6":"product_cat-lunar-chronicles-series","7":"product_shipping_class-delicate-goods","9":"first","10":"instock","11":"taxable","12":"shipping-taxable","13":"purchasable","14":"product-type-simple"},"_links":{"self":[{"href":"https:\/\/yourstc.store\/zh-hans\/wp-json\/wp\/v2\/product\/18961","targetHints":{"allow":["GET"]}}],"collection":[{"href":"https:\/\/yourstc.store\/zh-hans\/wp-json\/wp\/v2\/product"}],"about":[{"href":"https:\/\/yourstc.store\/zh-hans\/wp-json\/wp\/v2\/types\/product"}],"replies":[{"embeddable":true,"href":"https:\/\/yourstc.store\/zh-hans\/wp-json\/wp\/v2\/comments?post=18961"}],"version-history":[{"count":4,"href":"https:\/\/yourstc.store\/zh-hans\/wp-json\/wp\/v2\/product\/18961\/revisions"}],"predecessor-version":[{"id":22430,"href":"https:\/\/yourstc.store\/zh-hans\/wp-json\/wp\/v2\/product\/18961\/revisions\/22430"}],"wp:featuredmedia":[{"embeddable":true,"href":"https:\/\/yourstc.store\/zh-hans\/wp-json\/wp\/v2\/media\/18701"}],"wp:attachment":[{"href":"https:\/\/yourstc.store\/zh-hans\/wp-json\/wp\/v2\/media?parent=18961"}],"wp:term":[{"taxonomy":"product_brand","embeddable":true,"href":"https:\/\/yourstc.store\/zh-hans\/wp-json\/wp\/v2\/product_brand?post=18961"},{"taxonomy":"product_cat","embeddable":true,"href":"https:\/\/yourstc.store\/zh-hans\/wp-json\/wp\/v2\/product_cat?post=18961"},{"taxonomy":"product_tag","embeddable":true,"href":"https:\/\/yourstc.store\/zh-hans\/wp-json\/wp\/v2\/product_tag?post=18961"}],"curies":[{"name":"wp","href":"https:\/\/api.w.org\/{rel}","templated":true}]}}