{"id":18960,"date":"2025-11-18T14:29:46","date_gmt":"2025-11-18T06:29:46","guid":{"rendered":"https:\/\/yourstc.store\/product\/lunar-chronicles-18-piece-chaozhou-style-kung-fu-set\/"},"modified":"2026-03-13T19:52:08","modified_gmt":"2026-03-13T11:52:08","slug":"lunar-chronicles-18-piece-chaozhou-style-kung-fu-set","status":"publish","type":"product","link":"https:\/\/yourstc.store\/zh-hans\/product\/lunar-chronicles-18-piece-chaozhou-style-kung-fu-set\/","title":{"rendered":"Lunar Chronicles 18-Piece Chaozhou Style Kung Fu Set"},"content":{"rendered":"<table class=\" aligncenter\" style=\"border-collapse: collapse;width: 412px;height: 590px\" border=\"0\" width=\"1316\" cellspacing=\"0\" cellpadding=\"0\">\n<tbody>\n<tr style=\"height: 13.50pt\">\n<td class=\"et2\" style=\"height: 13.50pt;width: 187.55pt\" width=\"500\" height=\"36\">Category<\/td>\n<td class=\"et2\" style=\"width: 306.00pt\" width=\"816\">Tea Set<\/td>\n<\/tr>\n<tr style=\"height: 13.50pt\">\n<td class=\"et2\" style=\"height: 13.50pt\" height=\"36\">Material<\/td>\n<td class=\"et2\">Ceramic<\/td>\n<\/tr>\n<tr style=\"height: 13.50pt\">\n<td class=\"et2\" style=\"height: 13.50pt\" height=\"36\">Style<\/td>\n<td class=\"et2\">Chinese<\/td>\n<\/tr>\n<tr style=\"height: 13.50pt\">\n<td class=\"et2\" style=\"height: 13.50pt\" height=\"36\">Teapot Cup Material<\/td>\n<td class=\"et2\">Ceramic<\/td>\n<\/tr>\n<tr style=\"height: 13.50pt\">\n<td class=\"et2\" style=\"height: 13.50pt\" height=\"36\">Functionality<\/td>\n<td class=\"et2\">Non-functional<\/td>\n<\/tr>\n<tr style=\"height: 13.50pt\">\n<td class=\"et2\" style=\"height: 13.50pt\" height=\"36\">Packaging Method<\/td>\n<td class=\"et2\">Premium Gift Box<\/td>\n<\/tr>\n<tr style=\"height: 94.50pt\">\n<td class=\"et2\" style=\"height: 94.50pt\" height=\"252\">Packing List<\/td>\n<td class=\"et3\" style=\"width: 306.00pt\" width=\"816\">1 \u00d7 270mm double-compartment tea tray<br \/>\n1 \u00d7 120ml three-piece gaiwan (lidded bowl set)<br \/>\n8 \u00d7 35ml tea cups<br \/>\n1 \u00d7 260ml fairness pitcher (cha hai)<br \/>\n1 \u00d7 92mm tea strainer<br \/>\n1 \u00d7 170mm teapot coaster (or pot stand)<br \/>\n2 \u00d7 108mm lid rests<\/td>\n<\/tr>\n<\/tbody>\n<\/table>\n<p><img fetchpriority=\"high\" decoding=\"async\" class=\"aligncenter size-full wp-image-22450\" src=\"https:\/\/yourstc.store\/wp-content\/uploads\/2025\/11\/8d0145b8806fabe1.jpg_\u526f\u672c.jpg\" alt=\"\" width=\"750\" height=\"710\" srcset=\"https:\/\/yourstc.store\/wp-content\/uploads\/2025\/11\/8d0145b8806fabe1.jpg_\u526f\u672c.jpg 750w, https:\/\/yourstc.store\/wp-content\/uploads\/2025\/11\/8d0145b8806fabe1.jpg_\u526f\u672c-300x284.jpg 300w, https:\/\/yourstc.store\/wp-content\/uploads\/2025\/11\/8d0145b8806fabe1.jpg_\u526f\u672c-600x568.jpg 600w, https:\/\/yourstc.store\/wp-content\/uploads\/2025\/11\/8d0145b8806fabe1.jpg_\u526f\u672c-150x142.jpg 150w\" sizes=\"(max-width: 750px) 100vw, 750px\" \/> <img decoding=\"async\" class=\"aligncenter size-full wp-image-22456\" src=\"https:\/\/yourstc.store\/wp-content\/uploads\/2025\/11\/a41d391eff6e394c.jpg_\u526f\u672c.jpg\" alt=\"\" width=\"750\" height=\"1067\" srcset=\"https:\/\/yourstc.store\/wp-content\/uploads\/2025\/11\/a41d391eff6e394c.jpg_\u526f\u672c.jpg 750w, https:\/\/yourstc.store\/wp-content\/uploads\/2025\/11\/a41d391eff6e394c.jpg_\u526f\u672c-211x300.jpg 211w, https:\/\/yourstc.store\/wp-content\/uploads\/2025\/11\/a41d391eff6e394c.jpg_\u526f\u672c-720x1024.jpg 720w, https:\/\/yourstc.store\/wp-content\/uploads\/2025\/11\/a41d391eff6e394c.jpg_\u526f\u672c-600x854.jpg 600w, https:\/\/yourstc.store\/wp-content\/uploads\/2025\/11\/a41d391eff6e394c.jpg_\u526f\u672c-141x200.jpg 141w\" sizes=\"(max-width: 750px) 100vw, 750px\" \/> <img decoding=\"async\" class=\"aligncenter size-full wp-image-22462\" src=\"https:\/\/yourstc.store\/wp-content\/uploads\/2025\/11\/b05812545272d17b.jpg_\u526f\u672c.jpg\" alt=\"\" width=\"750\" height=\"446\" srcset=\"https:\/\/yourstc.store\/wp-content\/uploads\/2025\/11\/b05812545272d17b.jpg_\u526f\u672c.jpg 750w, https:\/\/yourstc.store\/wp-content\/uploads\/2025\/11\/b05812545272d17b.jpg_\u526f\u672c-300x178.jpg 300w, https:\/\/yourstc.store\/wp-content\/uploads\/2025\/11\/b05812545272d17b.jpg_\u526f\u672c-600x357.jpg 600w, https:\/\/yourstc.store\/wp-content\/uploads\/2025\/11\/b05812545272d17b.jpg_\u526f\u672c-150x89.jpg 150w\" sizes=\"(max-width: 750px) 100vw, 750px\" \/><\/p>\n","protected":false},"excerpt":{"rendered":"<p>Category Tea Set Material Ceramic Style Chinese Teapot Cup Material Ceramic Functionality Non-functional Packaging Method Premium Gift Box Packing List 1 \u00d7 270mm double-compartment tea tray 1 \u00d7 120ml three-piece gaiwan (lidded bowl set) 8 \u00d7 35ml tea cups 1 \u00d7 260ml fairness pitcher (cha hai) 1 \u00d7 92mm tea strainer 1 \u00d7 170mm teapot coaster (or pot stand) 2 \u00d7 108mm lid rests<\/p>\n","protected":false},"featured_media":18671,"comment_status":"open","ping_status":"closed","template":"","meta":[],"product_brand":[],"product_cat":[274],"product_tag":[],"class_list":{"0":"post-18960","1":"product","2":"type-product","3":"status-publish","4":"has-post-thumbnail","6":"product_cat-lunar-chronicles-series","7":"product_shipping_class-delicate-goods","9":"first","10":"instock","11":"taxable","12":"shipping-taxable","13":"purchasable","14":"product-type-simple"},"_links":{"self":[{"href":"https:\/\/yourstc.store\/zh-hans\/wp-json\/wp\/v2\/product\/18960","targetHints":{"allow":["GET"]}}],"collection":[{"href":"https:\/\/yourstc.store\/zh-hans\/wp-json\/wp\/v2\/product"}],"about":[{"href":"https:\/\/yourstc.store\/zh-hans\/wp-json\/wp\/v2\/types\/product"}],"replies":[{"embeddable":true,"href":"https:\/\/yourstc.store\/zh-hans\/wp-json\/wp\/v2\/comments?post=18960"}],"version-history":[{"count":4,"href":"https:\/\/yourstc.store\/zh-hans\/wp-json\/wp\/v2\/product\/18960\/revisions"}],"predecessor-version":[{"id":22468,"href":"https:\/\/yourstc.store\/zh-hans\/wp-json\/wp\/v2\/product\/18960\/revisions\/22468"}],"wp:featuredmedia":[{"embeddable":true,"href":"https:\/\/yourstc.store\/zh-hans\/wp-json\/wp\/v2\/media\/18671"}],"wp:attachment":[{"href":"https:\/\/yourstc.store\/zh-hans\/wp-json\/wp\/v2\/media?parent=18960"}],"wp:term":[{"taxonomy":"product_brand","embeddable":true,"href":"https:\/\/yourstc.store\/zh-hans\/wp-json\/wp\/v2\/product_brand?post=18960"},{"taxonomy":"product_cat","embeddable":true,"href":"https:\/\/yourstc.store\/zh-hans\/wp-json\/wp\/v2\/product_cat?post=18960"},{"taxonomy":"product_tag","embeddable":true,"href":"https:\/\/yourstc.store\/zh-hans\/wp-json\/wp\/v2\/product_tag?post=18960"}],"curies":[{"name":"wp","href":"https:\/\/api.w.org\/{rel}","templated":true}]}}