{"id":18959,"date":"2025-11-18T14:29:45","date_gmt":"2025-11-18T06:29:45","guid":{"rendered":"https:\/\/yourstc.store\/product\/lunar-chronicles-3-piece-lidded-cup-set-290ml\/"},"modified":"2026-03-31T11:20:32","modified_gmt":"2026-03-31T03:20:32","slug":"lunar-chronicles-3-piece-lidded-cup-set-290ml","status":"publish","type":"product","link":"https:\/\/yourstc.store\/zh-hans\/product\/lunar-chronicles-3-piece-lidded-cup-set-290ml\/","title":{"rendered":"Lunar Chronicles 3-piece Lidded Cup Set (290ml)"},"content":{"rendered":"<table class=\" aligncenter\" style=\"border-collapse: collapse;width: 347px;height: 333px\" border=\"0\" width=\"1316\" cellspacing=\"0\" cellpadding=\"0\">\n<tbody>\n<tr style=\"height: 13.50pt\">\n<td class=\"et2\" style=\"height: 13.50pt;width: 187.55pt\" width=\"500\" height=\"36\">Category<\/td>\n<td class=\"et2\" style=\"width: 306.00pt\" width=\"816\">Tea Set<\/td>\n<\/tr>\n<tr style=\"height: 13.50pt\">\n<td class=\"et2\" style=\"height: 13.50pt\" height=\"36\">Material<\/td>\n<td class=\"et2\">Ceramic<\/td>\n<\/tr>\n<tr style=\"height: 13.50pt\">\n<td class=\"et2\" style=\"height: 13.50pt\" height=\"36\">Style<\/td>\n<td class=\"et2\">Chinese<\/td>\n<\/tr>\n<tr style=\"height: 13.50pt\">\n<td class=\"et2\" style=\"height: 13.50pt\" height=\"36\">Functionality<\/td>\n<td class=\"et2\">Non-functional<\/td>\n<\/tr>\n<tr style=\"height: 13.50pt\">\n<td class=\"et2\" style=\"height: 13.50pt\" height=\"36\">Packaging Method<\/td>\n<td class=\"et2\">Premium Gift Box<\/td>\n<\/tr>\n<tr style=\"height: 40.50pt\">\n<td class=\"et2\" style=\"height: 40.50pt\" height=\"108\">Packing List<\/td>\n<td class=\"et3\" style=\"width: 306.00pt\" width=\"816\">1 \u00d7 290ml cup with lid<br \/>\n1 \u00d7 290ml cup body<br \/>\n1 \u00d7 143mm saucer<\/td>\n<\/tr>\n<\/tbody>\n<\/table>\n<p><img fetchpriority=\"high\" decoding=\"async\" class=\"aligncenter size-full wp-image-22507\" src=\"https:\/\/yourstc.store\/wp-content\/uploads\/2025\/11\/57bfb4776374b574_\u526f\u672c.png\" alt=\"\" width=\"790\" height=\"948\" srcset=\"https:\/\/yourstc.store\/wp-content\/uploads\/2025\/11\/57bfb4776374b574_\u526f\u672c.png 790w, https:\/\/yourstc.store\/wp-content\/uploads\/2025\/11\/57bfb4776374b574_\u526f\u672c-250x300.png 250w, https:\/\/yourstc.store\/wp-content\/uploads\/2025\/11\/57bfb4776374b574_\u526f\u672c-768x922.png 768w, https:\/\/yourstc.store\/wp-content\/uploads\/2025\/11\/57bfb4776374b574_\u526f\u672c-600x720.png 600w, https:\/\/yourstc.store\/wp-content\/uploads\/2025\/11\/57bfb4776374b574_\u526f\u672c-150x180.png 150w\" sizes=\"(max-width: 790px) 100vw, 790px\" \/> <img decoding=\"async\" class=\"aligncenter size-full wp-image-22513\" src=\"https:\/\/yourstc.store\/wp-content\/uploads\/2025\/11\/707b98504d8cda62_\u526f\u672c.png\" alt=\"\" width=\"790\" height=\"935\" srcset=\"https:\/\/yourstc.store\/wp-content\/uploads\/2025\/11\/707b98504d8cda62_\u526f\u672c.png 790w, https:\/\/yourstc.store\/wp-content\/uploads\/2025\/11\/707b98504d8cda62_\u526f\u672c-253x300.png 253w, https:\/\/yourstc.store\/wp-content\/uploads\/2025\/11\/707b98504d8cda62_\u526f\u672c-768x909.png 768w, https:\/\/yourstc.store\/wp-content\/uploads\/2025\/11\/707b98504d8cda62_\u526f\u672c-600x710.png 600w, https:\/\/yourstc.store\/wp-content\/uploads\/2025\/11\/707b98504d8cda62_\u526f\u672c-150x178.png 150w\" sizes=\"(max-width: 790px) 100vw, 790px\" \/> <img decoding=\"async\" class=\"aligncenter  wp-image-22519\" src=\"https:\/\/yourstc.store\/wp-content\/uploads\/2025\/11\/a53e473d8184d042_\u526f\u672c.png\" alt=\"\" width=\"786\" height=\"858\" srcset=\"https:\/\/yourstc.store\/wp-content\/uploads\/2025\/11\/a53e473d8184d042_\u526f\u672c.png 715w, https:\/\/yourstc.store\/wp-content\/uploads\/2025\/11\/a53e473d8184d042_\u526f\u672c-275x300.png 275w, https:\/\/yourstc.store\/wp-content\/uploads\/2025\/11\/a53e473d8184d042_\u526f\u672c-600x655.png 600w, https:\/\/yourstc.store\/wp-content\/uploads\/2025\/11\/a53e473d8184d042_\u526f\u672c-150x164.png 150w\" sizes=\"(max-width: 786px) 100vw, 786px\" \/><\/p>\n","protected":false},"excerpt":{"rendered":"<p>Category Tea Set Material Ceramic Style Chinese Functionality Non-functional Packaging Method Premium Gift Box Packing List 1 \u00d7 290ml cup with lid 1 \u00d7 290ml cup body 1 \u00d7 143mm saucer<\/p>\n","protected":false},"featured_media":18929,"comment_status":"open","ping_status":"closed","template":"","meta":[],"product_brand":[],"product_cat":[274],"product_tag":[],"class_list":{"0":"post-18959","1":"product","2":"type-product","3":"status-publish","4":"has-post-thumbnail","6":"product_cat-lunar-chronicles-series","7":"product_shipping_class-delicate-goods","9":"first","10":"instock","11":"taxable","12":"shipping-taxable","13":"purchasable","14":"product-type-simple"},"_links":{"self":[{"href":"https:\/\/yourstc.store\/zh-hans\/wp-json\/wp\/v2\/product\/18959","targetHints":{"allow":["GET"]}}],"collection":[{"href":"https:\/\/yourstc.store\/zh-hans\/wp-json\/wp\/v2\/product"}],"about":[{"href":"https:\/\/yourstc.store\/zh-hans\/wp-json\/wp\/v2\/types\/product"}],"replies":[{"embeddable":true,"href":"https:\/\/yourstc.store\/zh-hans\/wp-json\/wp\/v2\/comments?post=18959"}],"version-history":[{"count":4,"href":"https:\/\/yourstc.store\/zh-hans\/wp-json\/wp\/v2\/product\/18959\/revisions"}],"predecessor-version":[{"id":22525,"href":"https:\/\/yourstc.store\/zh-hans\/wp-json\/wp\/v2\/product\/18959\/revisions\/22525"}],"wp:featuredmedia":[{"embeddable":true,"href":"https:\/\/yourstc.store\/zh-hans\/wp-json\/wp\/v2\/media\/18929"}],"wp:attachment":[{"href":"https:\/\/yourstc.store\/zh-hans\/wp-json\/wp\/v2\/media?parent=18959"}],"wp:term":[{"taxonomy":"product_brand","embeddable":true,"href":"https:\/\/yourstc.store\/zh-hans\/wp-json\/wp\/v2\/product_brand?post=18959"},{"taxonomy":"product_cat","embeddable":true,"href":"https:\/\/yourstc.store\/zh-hans\/wp-json\/wp\/v2\/product_cat?post=18959"},{"taxonomy":"product_tag","embeddable":true,"href":"https:\/\/yourstc.store\/zh-hans\/wp-json\/wp\/v2\/product_tag?post=18959"}],"curies":[{"name":"wp","href":"https:\/\/api.w.org\/{rel}","templated":true}]}}