{"id":17972,"date":"2025-11-14T18:30:32","date_gmt":"2025-11-14T10:30:32","guid":{"rendered":"https:\/\/yourstc.store\/product\/moonlight-20-pieces-tableware\/"},"modified":"2026-03-13T19:53:09","modified_gmt":"2026-03-13T11:53:09","slug":"moonlight-20-pieces-tableware","status":"publish","type":"product","link":"https:\/\/yourstc.store\/zh-hans\/product\/moonlight-20-pieces-tableware\/","title":{"rendered":"Moonlight 20-pieces tableware"},"content":{"rendered":"<table class=\" aligncenter\" style=\"border-collapse: collapse;width: 333px;height: 717px\" border=\"0\" width=\"1326\" cellspacing=\"0\" cellpadding=\"0\">\n<tbody>\n<tr style=\"height: 13.50pt\">\n<td class=\"et2\" style=\"height: 13.50pt;width: 198.40pt\" width=\"529\" height=\"36\">Category<\/td>\n<td class=\"et2\" style=\"width: 298.90pt\" width=\"797\">Tea Set<\/td>\n<\/tr>\n<tr style=\"height: 13.50pt\">\n<td class=\"et2\" style=\"height: 13.50pt\" height=\"36\">Material<\/td>\n<td class=\"et2\">Ceramic<\/td>\n<\/tr>\n<tr style=\"height: 13.50pt\">\n<td class=\"et2\" style=\"height: 13.50pt\" height=\"36\">Craftsmanship<\/td>\n<td class=\"et2\">Gold Trimmed<\/td>\n<\/tr>\n<tr style=\"height: 13.50pt\">\n<td class=\"et2\" style=\"height: 13.50pt\" height=\"36\">Style<\/td>\n<td class=\"et2\">Chinese<\/td>\n<\/tr>\n<tr style=\"height: 13.50pt\">\n<td class=\"et2\" style=\"height: 13.50pt\" height=\"36\">Functionality<\/td>\n<td class=\"et2\">Non-functional<\/td>\n<\/tr>\n<tr style=\"height: 13.50pt\">\n<td class=\"et2\" style=\"height: 13.50pt\" height=\"36\">Packaging Method<\/td>\n<td class=\"et2\">Premium Gift Box<\/td>\n<\/tr>\n<tr style=\"height: 81.00pt\">\n<td class=\"et2\" style=\"height: 81.00pt\" height=\"216\">Packing List<\/td>\n<td class=\"et3\" style=\"width: 298.90pt\" width=\"797\">6 \u00d7 116mm rice bowls<br \/>\n4 \u00d7 225mm soup plates<br \/>\n6 \u00d7 136mm spoons<br \/>\n2 \u00d7 258mm soup plates<br \/>\n1 \u00d7 240mm soup bowl<br \/>\n1 \u00d7 250mm soup ladle<\/td>\n<\/tr>\n<tr style=\"height: 27.00pt\">\n<td class=\"et2\" style=\"height: 27.00pt\" height=\"72\">Remarks<\/td>\n<td class=\"et3\" style=\"width: 298.90pt\" width=\"797\">This product series is microwave-safe, oven-safe, and dishwasher-safe.<\/td>\n<\/tr>\n<\/tbody>\n<\/table>\n<p><img fetchpriority=\"high\" decoding=\"async\" class=\"aligncenter size-full wp-image-21629\" src=\"https:\/\/yourstc.store\/wp-content\/uploads\/2025\/11\/564353e81e9e05f4.jpg_\u526f\u672c.jpg\" alt=\"\" width=\"753\" height=\"465\" srcset=\"https:\/\/yourstc.store\/wp-content\/uploads\/2025\/11\/564353e81e9e05f4.jpg_\u526f\u672c.jpg 753w, https:\/\/yourstc.store\/wp-content\/uploads\/2025\/11\/564353e81e9e05f4.jpg_\u526f\u672c-300x185.jpg 300w, https:\/\/yourstc.store\/wp-content\/uploads\/2025\/11\/564353e81e9e05f4.jpg_\u526f\u672c-600x371.jpg 600w, https:\/\/yourstc.store\/wp-content\/uploads\/2025\/11\/564353e81e9e05f4.jpg_\u526f\u672c-150x93.jpg 150w\" sizes=\"(max-width: 753px) 100vw, 753px\" \/> <img decoding=\"async\" class=\"aligncenter  wp-image-21635\" src=\"https:\/\/yourstc.store\/wp-content\/uploads\/2025\/11\/a54e473c9174ea8e.jpg_\u526f\u672c.jpg\" alt=\"\" width=\"751\" height=\"567\" srcset=\"https:\/\/yourstc.store\/wp-content\/uploads\/2025\/11\/a54e473c9174ea8e.jpg_\u526f\u672c.jpg 717w, https:\/\/yourstc.store\/wp-content\/uploads\/2025\/11\/a54e473c9174ea8e.jpg_\u526f\u672c-300x226.jpg 300w, https:\/\/yourstc.store\/wp-content\/uploads\/2025\/11\/a54e473c9174ea8e.jpg_\u526f\u672c-600x453.jpg 600w, https:\/\/yourstc.store\/wp-content\/uploads\/2025\/11\/a54e473c9174ea8e.jpg_\u526f\u672c-150x113.jpg 150w\" sizes=\"(max-width: 751px) 100vw, 751px\" \/> <img decoding=\"async\" class=\"aligncenter  wp-image-21641\" src=\"https:\/\/yourstc.store\/wp-content\/uploads\/2025\/11\/c6d938d79b0e66c4.jpg_\u526f\u672c.jpg\" alt=\"\" width=\"756\" height=\"510\" srcset=\"https:\/\/yourstc.store\/wp-content\/uploads\/2025\/11\/c6d938d79b0e66c4.jpg_\u526f\u672c.jpg 790w, https:\/\/yourstc.store\/wp-content\/uploads\/2025\/11\/c6d938d79b0e66c4.jpg_\u526f\u672c-300x202.jpg 300w, https:\/\/yourstc.store\/wp-content\/uploads\/2025\/11\/c6d938d79b0e66c4.jpg_\u526f\u672c-768x518.jpg 768w, https:\/\/yourstc.store\/wp-content\/uploads\/2025\/11\/c6d938d79b0e66c4.jpg_\u526f\u672c-600x405.jpg 600w, https:\/\/yourstc.store\/wp-content\/uploads\/2025\/11\/c6d938d79b0e66c4.jpg_\u526f\u672c-150x101.jpg 150w\" sizes=\"(max-width: 756px) 100vw, 756px\" \/><\/p>\n","protected":false},"excerpt":{"rendered":"<p>Category Tea Set Material Ceramic Craftsmanship Gold Trimmed Style Chinese Functionality Non-functional Packaging Method Premium Gift Box Packing List 6 \u00d7 116mm rice bowls 4 \u00d7 225mm soup plates 6 \u00d7 136mm spoons 2 \u00d7 258mm soup plates 1 \u00d7 240mm soup bowl 1 \u00d7 250mm soup ladle Remarks This product series is microwave-safe, oven-safe, and dishwasher-safe.<\/p>\n","protected":false},"featured_media":17750,"comment_status":"open","ping_status":"closed","template":"","meta":[],"product_brand":[],"product_cat":[273],"product_tag":[],"class_list":{"0":"post-17972","1":"product","2":"type-product","3":"status-publish","4":"has-post-thumbnail","6":"product_cat-moonlight-series","7":"product_shipping_class-delicate-goods","9":"first","10":"instock","11":"taxable","12":"shipping-taxable","13":"purchasable","14":"product-type-simple"},"_links":{"self":[{"href":"https:\/\/yourstc.store\/zh-hans\/wp-json\/wp\/v2\/product\/17972","targetHints":{"allow":["GET"]}}],"collection":[{"href":"https:\/\/yourstc.store\/zh-hans\/wp-json\/wp\/v2\/product"}],"about":[{"href":"https:\/\/yourstc.store\/zh-hans\/wp-json\/wp\/v2\/types\/product"}],"replies":[{"embeddable":true,"href":"https:\/\/yourstc.store\/zh-hans\/wp-json\/wp\/v2\/comments?post=17972"}],"version-history":[{"count":4,"href":"https:\/\/yourstc.store\/zh-hans\/wp-json\/wp\/v2\/product\/17972\/revisions"}],"predecessor-version":[{"id":21666,"href":"https:\/\/yourstc.store\/zh-hans\/wp-json\/wp\/v2\/product\/17972\/revisions\/21666"}],"wp:featuredmedia":[{"embeddable":true,"href":"https:\/\/yourstc.store\/zh-hans\/wp-json\/wp\/v2\/media\/17750"}],"wp:attachment":[{"href":"https:\/\/yourstc.store\/zh-hans\/wp-json\/wp\/v2\/media?parent=17972"}],"wp:term":[{"taxonomy":"product_brand","embeddable":true,"href":"https:\/\/yourstc.store\/zh-hans\/wp-json\/wp\/v2\/product_brand?post=17972"},{"taxonomy":"product_cat","embeddable":true,"href":"https:\/\/yourstc.store\/zh-hans\/wp-json\/wp\/v2\/product_cat?post=17972"},{"taxonomy":"product_tag","embeddable":true,"href":"https:\/\/yourstc.store\/zh-hans\/wp-json\/wp\/v2\/product_tag?post=17972"}],"curies":[{"name":"wp","href":"https:\/\/api.w.org\/{rel}","templated":true}]}}