{"id":10600,"date":"2025-10-30T11:44:09","date_gmt":"2025-10-30T03:44:09","guid":{"rendered":"https:\/\/yourstc.store\/?post_type=product&#038;p=10600"},"modified":"2026-03-13T19:54:17","modified_gmt":"2026-03-13T11:54:17","slug":"guangcai-legacy-29-piece-coffee-set-760ml","status":"publish","type":"product","link":"https:\/\/yourstc.store\/zh-hans\/product\/guangcai-legacy-29-piece-coffee-set-760ml\/","title":{"rendered":"Guangcai Legacy 29-Piece Coffee Set (760ml)"},"content":{"rendered":"<table class=\" aligncenter\" style=\"border-collapse: collapse;width: 394px;height: 564px\" border=\"0\" width=\"1787\" cellspacing=\"0\" cellpadding=\"0\">\n<tbody>\n<tr style=\"height: 13.50pt\">\n<td class=\"et2\" style=\"height: 13.50pt;width: 147.05pt\" width=\"392\" height=\"36\">Category<\/td>\n<td class=\"et2\" style=\"width: 523.20pt\" width=\"1395\">Tea Set<\/td>\n<\/tr>\n<tr style=\"height: 13.50pt\">\n<td class=\"et2\" style=\"height: 13.50pt\" height=\"36\">Material<\/td>\n<td class=\"et2\">Ceramic, Stainless Steel<\/td>\n<\/tr>\n<tr style=\"height: 13.50pt\">\n<td class=\"et2\" style=\"height: 13.50pt\" height=\"36\">Style<\/td>\n<td class=\"et2\">Chinese<\/td>\n<\/tr>\n<tr style=\"height: 13.50pt\">\n<td class=\"et2\" style=\"height: 13.50pt\" height=\"36\">Functionality<\/td>\n<td class=\"et2\">Non-functional<\/td>\n<\/tr>\n<tr style=\"height: 13.50pt\">\n<td class=\"et2\" style=\"height: 13.50pt\" height=\"36\">Tea Tray Material<\/td>\n<td class=\"et2\">Ceramic<\/td>\n<\/tr>\n<tr style=\"height: 13.50pt\">\n<td class=\"et2\" style=\"height: 13.50pt\" height=\"36\">Packaging Method<\/td>\n<td class=\"et2\">Premium Gift Box<\/td>\n<\/tr>\n<tr style=\"height: 94.50pt\">\n<td class=\"et2\" style=\"height: 94.50pt\" height=\"252\">Packing List<\/td>\n<td class=\"et3\" style=\"width: 523.20pt\" width=\"1395\">1 \u00d7 760ml teapot (2-handle)<br \/>\n6 \u00d7 200ml cups<br \/>\n6 \u00d7 131mm saucers<br \/>\n6 fruit forks<br \/>\n6 \u00d7 160mm dessert plates<br \/>\n1 \u00d7 210ml creamer<br \/>\n1 \u00d7 160ml sugar bowl (2-handle)<\/td>\n<\/tr>\n<\/tbody>\n<\/table>\n<p><img fetchpriority=\"high\" decoding=\"async\" class=\"aligncenter size-full wp-image-20598\" src=\"https:\/\/yourstc.store\/wp-content\/uploads\/2025\/10\/a4b732e01f7f061c_\u526f\u672c.png\" alt=\"\" width=\"790\" height=\"814\" srcset=\"https:\/\/yourstc.store\/wp-content\/uploads\/2025\/10\/a4b732e01f7f061c_\u526f\u672c.png 790w, https:\/\/yourstc.store\/wp-content\/uploads\/2025\/10\/a4b732e01f7f061c_\u526f\u672c-291x300.png 291w, https:\/\/yourstc.store\/wp-content\/uploads\/2025\/10\/a4b732e01f7f061c_\u526f\u672c-768x791.png 768w, https:\/\/yourstc.store\/wp-content\/uploads\/2025\/10\/a4b732e01f7f061c_\u526f\u672c-600x618.png 600w, https:\/\/yourstc.store\/wp-content\/uploads\/2025\/10\/a4b732e01f7f061c_\u526f\u672c-150x155.png 150w\" sizes=\"(max-width: 790px) 100vw, 790px\" \/> <img decoding=\"async\" class=\"aligncenter size-full wp-image-20592\" src=\"https:\/\/yourstc.store\/wp-content\/uploads\/2025\/10\/950d51114525588e_\u526f\u672c.png\" alt=\"\" width=\"790\" height=\"413\" srcset=\"https:\/\/yourstc.store\/wp-content\/uploads\/2025\/10\/950d51114525588e_\u526f\u672c.png 790w, https:\/\/yourstc.store\/wp-content\/uploads\/2025\/10\/950d51114525588e_\u526f\u672c-300x157.png 300w, https:\/\/yourstc.store\/wp-content\/uploads\/2025\/10\/950d51114525588e_\u526f\u672c-768x401.png 768w, https:\/\/yourstc.store\/wp-content\/uploads\/2025\/10\/950d51114525588e_\u526f\u672c-600x314.png 600w, https:\/\/yourstc.store\/wp-content\/uploads\/2025\/10\/950d51114525588e_\u526f\u672c-150x78.png 150w\" sizes=\"(max-width: 790px) 100vw, 790px\" \/> <img decoding=\"async\" class=\"aligncenter size-full wp-image-20586\" src=\"https:\/\/yourstc.store\/wp-content\/uploads\/2025\/10\/8f0f11703d9b8cbc_\u526f\u672c.png\" alt=\"\" width=\"790\" height=\"1116\" srcset=\"https:\/\/yourstc.store\/wp-content\/uploads\/2025\/10\/8f0f11703d9b8cbc_\u526f\u672c.png 790w, https:\/\/yourstc.store\/wp-content\/uploads\/2025\/10\/8f0f11703d9b8cbc_\u526f\u672c-212x300.png 212w, https:\/\/yourstc.store\/wp-content\/uploads\/2025\/10\/8f0f11703d9b8cbc_\u526f\u672c-725x1024.png 725w, https:\/\/yourstc.store\/wp-content\/uploads\/2025\/10\/8f0f11703d9b8cbc_\u526f\u672c-768x1085.png 768w, https:\/\/yourstc.store\/wp-content\/uploads\/2025\/10\/8f0f11703d9b8cbc_\u526f\u672c-600x848.png 600w, https:\/\/yourstc.store\/wp-content\/uploads\/2025\/10\/8f0f11703d9b8cbc_\u526f\u672c-142x200.png 142w\" sizes=\"(max-width: 790px) 100vw, 790px\" \/><\/p>\n","protected":false},"excerpt":{"rendered":"<p>Category Tea Set Material Ceramic, Stainless Steel Style Chinese Functionality Non-functional Tea Tray Material Ceramic Packaging Method Premium Gift Box Packing List 1 \u00d7 760ml teapot (2-handle) 6 \u00d7 200ml cups 6 \u00d7 131mm saucers 6 fruit forks 6 \u00d7 160mm dessert plates 1 \u00d7 210ml creamer 1 \u00d7 160ml sugar bowl (2-handle)<\/p>\n","protected":false},"featured_media":10601,"comment_status":"open","ping_status":"closed","template":"","meta":[],"product_brand":[],"product_cat":[302,40,128,282],"product_tag":[],"class_list":{"0":"post-10600","1":"product","2":"type-product","3":"status-publish","4":"has-post-thumbnail","6":"product_cat-for-her-series","7":"product_cat-ceramic","8":"product_cat-all-series","9":"product_cat-guangcai-legacy-series","10":"product_shipping_class-delicate-goods","12":"first","13":"instock","14":"taxable","15":"shipping-taxable","16":"purchasable","17":"product-type-simple"},"_links":{"self":[{"href":"https:\/\/yourstc.store\/zh-hans\/wp-json\/wp\/v2\/product\/10600","targetHints":{"allow":["GET"]}}],"collection":[{"href":"https:\/\/yourstc.store\/zh-hans\/wp-json\/wp\/v2\/product"}],"about":[{"href":"https:\/\/yourstc.store\/zh-hans\/wp-json\/wp\/v2\/types\/product"}],"replies":[{"embeddable":true,"href":"https:\/\/yourstc.store\/zh-hans\/wp-json\/wp\/v2\/comments?post=10600"}],"version-history":[{"count":6,"href":"https:\/\/yourstc.store\/zh-hans\/wp-json\/wp\/v2\/product\/10600\/revisions"}],"predecessor-version":[{"id":20611,"href":"https:\/\/yourstc.store\/zh-hans\/wp-json\/wp\/v2\/product\/10600\/revisions\/20611"}],"wp:featuredmedia":[{"embeddable":true,"href":"https:\/\/yourstc.store\/zh-hans\/wp-json\/wp\/v2\/media\/10601"}],"wp:attachment":[{"href":"https:\/\/yourstc.store\/zh-hans\/wp-json\/wp\/v2\/media?parent=10600"}],"wp:term":[{"taxonomy":"product_brand","embeddable":true,"href":"https:\/\/yourstc.store\/zh-hans\/wp-json\/wp\/v2\/product_brand?post=10600"},{"taxonomy":"product_cat","embeddable":true,"href":"https:\/\/yourstc.store\/zh-hans\/wp-json\/wp\/v2\/product_cat?post=10600"},{"taxonomy":"product_tag","embeddable":true,"href":"https:\/\/yourstc.store\/zh-hans\/wp-json\/wp\/v2\/product_tag?post=10600"}],"curies":[{"name":"wp","href":"https:\/\/api.w.org\/{rel}","templated":true}]}}