{"id":8064,"date":"2025-10-30T10:20:12","date_gmt":"2025-10-30T02:20:12","guid":{"rendered":"https:\/\/yourstc.store\/?post_type=product&#038;p=8064"},"modified":"2026-03-13T19:55:32","modified_gmt":"2026-03-13T11:55:32","slug":"moon-time-9-piece-western-style-coffee-sets","status":"publish","type":"product","link":"https:\/\/yourstc.store\/ja\/product\/moon-time-9-piece-western-style-coffee-sets\/","title":{"rendered":"Lunar Chronicles-9 piece western-style coffee sets"},"content":{"rendered":"<table class=\" aligncenter\" style=\"border-collapse: collapse;width: 350px;height: 539px\" border=\"0\" width=\"1316\" cellspacing=\"0\" cellpadding=\"0\">\n<tbody>\n<tr style=\"height: 13.50pt\">\n<td class=\"et2\" style=\"height: 13.50pt;width: 187.55pt\" width=\"500\" height=\"36\">Category<\/td>\n<td class=\"et2\" style=\"width: 306.00pt\" width=\"816\">Tea Set<\/td>\n<\/tr>\n<tr style=\"height: 13.50pt\">\n<td class=\"et2\" style=\"height: 13.50pt\" height=\"36\">Material<\/td>\n<td class=\"et2\">Ceramic<\/td>\n<\/tr>\n<tr style=\"height: 13.50pt\">\n<td class=\"et2\" style=\"height: 13.50pt\" height=\"36\">Style<\/td>\n<td class=\"et2\">Chinese<\/td>\n<\/tr>\n<tr style=\"height: 13.50pt\">\n<td class=\"et2\" style=\"height: 13.50pt\" height=\"36\">Teapot Cup Material<\/td>\n<td class=\"et2\">Ceramic<\/td>\n<\/tr>\n<tr style=\"height: 13.50pt\">\n<td class=\"et2\" style=\"height: 13.50pt\" height=\"36\">Packaging Method<\/td>\n<td class=\"et2\">Premium Gift Box<\/td>\n<\/tr>\n<tr style=\"height: 67.50pt\">\n<td class=\"et2\" style=\"height: 67.50pt\" height=\"180\">Packing List<\/td>\n<td class=\"et3\" style=\"width: 306.00pt\" width=\"816\">1 \u00d7 370ml double-spout teapot<br \/>\n2 \u00d7 200ml cups<br \/>\n2 \u00d7 151mm saucers<br \/>\n1 \u00d7 150ml creamer<br \/>\n1 \u00d7 140ml double-compartment sugar bowl<\/td>\n<\/tr>\n<tr style=\"height: 13.50pt\">\n<td class=\"et2\" style=\"height: 13.50pt\" height=\"36\">Remarks<\/td>\n<td class=\"et2\">Xunfeng Original<\/td>\n<\/tr>\n<\/tbody>\n<\/table>\n<p><img fetchpriority=\"high\" decoding=\"async\" class=\"aligncenter size-full wp-image-21968\" src=\"https:\/\/yourstc.store\/wp-content\/uploads\/2025\/11\/aea580024f4c689c.jpg_\u526f\u672c.jpg\" alt=\"\" width=\"790\" height=\"1037\" srcset=\"https:\/\/yourstc.store\/wp-content\/uploads\/2025\/11\/aea580024f4c689c.jpg_\u526f\u672c.jpg 790w, https:\/\/yourstc.store\/wp-content\/uploads\/2025\/11\/aea580024f4c689c.jpg_\u526f\u672c-229x300.jpg 229w, https:\/\/yourstc.store\/wp-content\/uploads\/2025\/11\/aea580024f4c689c.jpg_\u526f\u672c-780x1024.jpg 780w, https:\/\/yourstc.store\/wp-content\/uploads\/2025\/11\/aea580024f4c689c.jpg_\u526f\u672c-768x1008.jpg 768w, https:\/\/yourstc.store\/wp-content\/uploads\/2025\/11\/aea580024f4c689c.jpg_\u526f\u672c-600x788.jpg 600w, https:\/\/yourstc.store\/wp-content\/uploads\/2025\/11\/aea580024f4c689c.jpg_\u526f\u672c-150x197.jpg 150w\" sizes=\"(max-width: 790px) 100vw, 790px\" \/> <img decoding=\"async\" class=\"aligncenter size-full wp-image-21974\" src=\"https:\/\/yourstc.store\/wp-content\/uploads\/2025\/11\/af6a149165686a87.jpg_\u526f\u672c.jpg\" alt=\"\" width=\"790\" height=\"796\" srcset=\"https:\/\/yourstc.store\/wp-content\/uploads\/2025\/11\/af6a149165686a87.jpg_\u526f\u672c.jpg 790w, https:\/\/yourstc.store\/wp-content\/uploads\/2025\/11\/af6a149165686a87.jpg_\u526f\u672c-298x300.jpg 298w, https:\/\/yourstc.store\/wp-content\/uploads\/2025\/11\/af6a149165686a87.jpg_\u526f\u672c-150x151.jpg 150w, https:\/\/yourstc.store\/wp-content\/uploads\/2025\/11\/af6a149165686a87.jpg_\u526f\u672c-768x774.jpg 768w, https:\/\/yourstc.store\/wp-content\/uploads\/2025\/11\/af6a149165686a87.jpg_\u526f\u672c-600x605.jpg 600w\" sizes=\"(max-width: 790px) 100vw, 790px\" \/> <img decoding=\"async\" class=\"aligncenter size-full wp-image-21980\" src=\"https:\/\/yourstc.store\/wp-content\/uploads\/2025\/11\/d03f3a152322228f.jpg_\u526f\u672c.jpg\" alt=\"\" width=\"790\" height=\"360\" srcset=\"https:\/\/yourstc.store\/wp-content\/uploads\/2025\/11\/d03f3a152322228f.jpg_\u526f\u672c.jpg 790w, https:\/\/yourstc.store\/wp-content\/uploads\/2025\/11\/d03f3a152322228f.jpg_\u526f\u672c-300x137.jpg 300w, https:\/\/yourstc.store\/wp-content\/uploads\/2025\/11\/d03f3a152322228f.jpg_\u526f\u672c-768x350.jpg 768w, https:\/\/yourstc.store\/wp-content\/uploads\/2025\/11\/d03f3a152322228f.jpg_\u526f\u672c-600x273.jpg 600w, https:\/\/yourstc.store\/wp-content\/uploads\/2025\/11\/d03f3a152322228f.jpg_\u526f\u672c-150x68.jpg 150w\" sizes=\"(max-width: 790px) 100vw, 790px\" \/><\/p>\n","protected":false},"excerpt":{"rendered":"<p>Category Tea Set Material Ceramic Style Chinese Teapot Cup Material Ceramic Packaging Method Premium Gift Box Packing List 1 \u00d7 370ml double-spout teapot 2 \u00d7 200ml cups 2 \u00d7 151mm saucers 1 \u00d7 150ml creamer 1 \u00d7 140ml double-compartment sugar bowl Remarks Xunfeng Original<\/p>\n","protected":false},"featured_media":8076,"comment_status":"open","ping_status":"closed","template":"","meta":[],"product_brand":[],"product_cat":[302,274],"product_tag":[],"class_list":{"0":"post-8064","1":"product","2":"type-product","3":"status-publish","4":"has-post-thumbnail","6":"product_cat-for-her-series","7":"product_cat-lunar-chronicles-series","9":"first","10":"instock","11":"taxable","12":"shipping-taxable","13":"purchasable","14":"product-type-simple"},"_links":{"self":[{"href":"https:\/\/yourstc.store\/ja\/wp-json\/wp\/v2\/product\/8064","targetHints":{"allow":["GET"]}}],"collection":[{"href":"https:\/\/yourstc.store\/ja\/wp-json\/wp\/v2\/product"}],"about":[{"href":"https:\/\/yourstc.store\/ja\/wp-json\/wp\/v2\/types\/product"}],"replies":[{"embeddable":true,"href":"https:\/\/yourstc.store\/ja\/wp-json\/wp\/v2\/comments?post=8064"}],"version-history":[{"count":5,"href":"https:\/\/yourstc.store\/ja\/wp-json\/wp\/v2\/product\/8064\/revisions"}],"predecessor-version":[{"id":22878,"href":"https:\/\/yourstc.store\/ja\/wp-json\/wp\/v2\/product\/8064\/revisions\/22878"}],"wp:featuredmedia":[{"embeddable":true,"href":"https:\/\/yourstc.store\/ja\/wp-json\/wp\/v2\/media\/8076"}],"wp:attachment":[{"href":"https:\/\/yourstc.store\/ja\/wp-json\/wp\/v2\/media?parent=8064"}],"wp:term":[{"taxonomy":"product_brand","embeddable":true,"href":"https:\/\/yourstc.store\/ja\/wp-json\/wp\/v2\/product_brand?post=8064"},{"taxonomy":"product_cat","embeddable":true,"href":"https:\/\/yourstc.store\/ja\/wp-json\/wp\/v2\/product_cat?post=8064"},{"taxonomy":"product_tag","embeddable":true,"href":"https:\/\/yourstc.store\/ja\/wp-json\/wp\/v2\/product_tag?post=8064"}],"curies":[{"name":"wp","href":"https:\/\/api.w.org\/{rel}","templated":true}]}}