{"id":18971,"date":"2025-11-18T14:29:59","date_gmt":"2025-11-18T06:29:59","guid":{"rendered":"https:\/\/yourstc.store\/product\/lunar-chronicles-6-piece-set-for-2-people\/"},"modified":"2026-03-13T19:52:07","modified_gmt":"2026-03-13T11:52:07","slug":"lunar-chronicles-6-piece-set-for-2-people","status":"publish","type":"product","link":"https:\/\/yourstc.store\/ja\/product\/lunar-chronicles-6-piece-set-for-2-people\/","title":{"rendered":"Lunar Chronicles 6-piece Set for 2 People"},"content":{"rendered":"<table class=\" aligncenter\" style=\"border-collapse: collapse;width: 352px;height: 534px\" border=\"0\" width=\"1316\" cellspacing=\"0\" cellpadding=\"0\">\n<tbody>\n<tr style=\"height: 13.50pt\">\n<td class=\"et2\" style=\"height: 13.50pt;width: 187.55pt\" width=\"500\" height=\"36\">Category<\/td>\n<td class=\"et2\" style=\"width: 306.00pt\" width=\"816\">Tea Set<\/td>\n<\/tr>\n<tr style=\"height: 13.50pt\">\n<td class=\"et2\" style=\"height: 13.50pt\" height=\"36\">Material<\/td>\n<td class=\"et2\">Ceramic<\/td>\n<\/tr>\n<tr style=\"height: 13.50pt\">\n<td class=\"et2\" style=\"height: 13.50pt\" height=\"36\">Craftsmanship<\/td>\n<td class=\"et2\">Engraving<\/td>\n<\/tr>\n<tr style=\"height: 13.50pt\">\n<td class=\"et2\" style=\"height: 13.50pt\" height=\"36\">Style<\/td>\n<td class=\"et2\">Chinese<\/td>\n<\/tr>\n<tr style=\"height: 13.50pt\">\n<td class=\"et2\" style=\"height: 13.50pt\" height=\"36\">Teapot Cup Material<\/td>\n<td class=\"et2\">Ceramic<\/td>\n<\/tr>\n<tr style=\"height: 13.50pt\">\n<td class=\"et2\" style=\"height: 13.50pt\" height=\"36\">Packaging Method<\/td>\n<td class=\"et2\">Premium Gift Box<\/td>\n<\/tr>\n<tr style=\"height: 40.50pt\">\n<td class=\"et2\" style=\"height: 40.50pt\" height=\"108\">Packing List<\/td>\n<td class=\"et3\" style=\"width: 306.00pt\" width=\"816\">1 \u00d7 320ml double-spout teapot<br \/>\n2 \u00d7 120ml tea cups<br \/>\n2 \u00d7 113mm tea saucers<\/td>\n<\/tr>\n<tr style=\"height: 13.50pt\">\n<td class=\"et2\" style=\"height: 13.50pt\" height=\"36\">Remarks<\/td>\n<td class=\"et2\">Display stand sold separately<\/td>\n<\/tr>\n<\/tbody>\n<\/table>\n<p><img fetchpriority=\"high\" decoding=\"async\" class=\"aligncenter size-full wp-image-22061\" src=\"https:\/\/yourstc.store\/wp-content\/uploads\/2025\/11\/92b63fd3bd3c45ae.jpg_\u526f\u672c.jpg\" alt=\"\" width=\"790\" height=\"1046\" srcset=\"https:\/\/yourstc.store\/wp-content\/uploads\/2025\/11\/92b63fd3bd3c45ae.jpg_\u526f\u672c.jpg 790w, https:\/\/yourstc.store\/wp-content\/uploads\/2025\/11\/92b63fd3bd3c45ae.jpg_\u526f\u672c-227x300.jpg 227w, https:\/\/yourstc.store\/wp-content\/uploads\/2025\/11\/92b63fd3bd3c45ae.jpg_\u526f\u672c-773x1024.jpg 773w, https:\/\/yourstc.store\/wp-content\/uploads\/2025\/11\/92b63fd3bd3c45ae.jpg_\u526f\u672c-768x1017.jpg 768w, https:\/\/yourstc.store\/wp-content\/uploads\/2025\/11\/92b63fd3bd3c45ae.jpg_\u526f\u672c-600x794.jpg 600w, https:\/\/yourstc.store\/wp-content\/uploads\/2025\/11\/92b63fd3bd3c45ae.jpg_\u526f\u672c-150x200.jpg 150w\" sizes=\"(max-width: 790px) 100vw, 790px\" \/> <img decoding=\"async\" class=\"aligncenter size-full wp-image-22073\" src=\"https:\/\/yourstc.store\/wp-content\/uploads\/2025\/11\/d87622f0d915778f.jpg_\u526f\u672c.jpg\" alt=\"\" width=\"790\" height=\"973\" srcset=\"https:\/\/yourstc.store\/wp-content\/uploads\/2025\/11\/d87622f0d915778f.jpg_\u526f\u672c.jpg 790w, https:\/\/yourstc.store\/wp-content\/uploads\/2025\/11\/d87622f0d915778f.jpg_\u526f\u672c-244x300.jpg 244w, https:\/\/yourstc.store\/wp-content\/uploads\/2025\/11\/d87622f0d915778f.jpg_\u526f\u672c-768x946.jpg 768w, https:\/\/yourstc.store\/wp-content\/uploads\/2025\/11\/d87622f0d915778f.jpg_\u526f\u672c-600x739.jpg 600w, https:\/\/yourstc.store\/wp-content\/uploads\/2025\/11\/d87622f0d915778f.jpg_\u526f\u672c-150x185.jpg 150w\" sizes=\"(max-width: 790px) 100vw, 790px\" \/> <img decoding=\"async\" class=\"aligncenter size-full wp-image-22079\" src=\"https:\/\/yourstc.store\/wp-content\/uploads\/2025\/11\/ecfd50e7aae9f0e1.jpg_\u526f\u672c.jpg\" alt=\"\" width=\"790\" height=\"1036\" srcset=\"https:\/\/yourstc.store\/wp-content\/uploads\/2025\/11\/ecfd50e7aae9f0e1.jpg_\u526f\u672c.jpg 790w, https:\/\/yourstc.store\/wp-content\/uploads\/2025\/11\/ecfd50e7aae9f0e1.jpg_\u526f\u672c-229x300.jpg 229w, https:\/\/yourstc.store\/wp-content\/uploads\/2025\/11\/ecfd50e7aae9f0e1.jpg_\u526f\u672c-781x1024.jpg 781w, https:\/\/yourstc.store\/wp-content\/uploads\/2025\/11\/ecfd50e7aae9f0e1.jpg_\u526f\u672c-768x1007.jpg 768w, https:\/\/yourstc.store\/wp-content\/uploads\/2025\/11\/ecfd50e7aae9f0e1.jpg_\u526f\u672c-600x787.jpg 600w, https:\/\/yourstc.store\/wp-content\/uploads\/2025\/11\/ecfd50e7aae9f0e1.jpg_\u526f\u672c-150x197.jpg 150w\" sizes=\"(max-width: 790px) 100vw, 790px\" \/><\/p>\n","protected":false},"excerpt":{"rendered":"<p>Category Tea Set Material Ceramic Craftsmanship Engraving Style Chinese Teapot Cup Material Ceramic Packaging Method Premium Gift Box Packing List 1 \u00d7 320ml double-spout teapot 2 \u00d7 120ml tea cups 2 \u00d7 113mm tea saucers Remarks Display stand sold separately<\/p>\n","protected":false},"featured_media":18431,"comment_status":"open","ping_status":"closed","template":"","meta":[],"product_brand":[],"product_cat":[274],"product_tag":[],"class_list":{"0":"post-18971","1":"product","2":"type-product","3":"status-publish","4":"has-post-thumbnail","6":"product_cat-lunar-chronicles-series","7":"product_shipping_class-delicate-goods","9":"first","10":"instock","11":"taxable","12":"shipping-taxable","13":"purchasable","14":"product-type-simple"},"_links":{"self":[{"href":"https:\/\/yourstc.store\/ja\/wp-json\/wp\/v2\/product\/18971","targetHints":{"allow":["GET"]}}],"collection":[{"href":"https:\/\/yourstc.store\/ja\/wp-json\/wp\/v2\/product"}],"about":[{"href":"https:\/\/yourstc.store\/ja\/wp-json\/wp\/v2\/types\/product"}],"replies":[{"embeddable":true,"href":"https:\/\/yourstc.store\/ja\/wp-json\/wp\/v2\/comments?post=18971"}],"version-history":[{"count":4,"href":"https:\/\/yourstc.store\/ja\/wp-json\/wp\/v2\/product\/18971\/revisions"}],"predecessor-version":[{"id":22091,"href":"https:\/\/yourstc.store\/ja\/wp-json\/wp\/v2\/product\/18971\/revisions\/22091"}],"wp:featuredmedia":[{"embeddable":true,"href":"https:\/\/yourstc.store\/ja\/wp-json\/wp\/v2\/media\/18431"}],"wp:attachment":[{"href":"https:\/\/yourstc.store\/ja\/wp-json\/wp\/v2\/media?parent=18971"}],"wp:term":[{"taxonomy":"product_brand","embeddable":true,"href":"https:\/\/yourstc.store\/ja\/wp-json\/wp\/v2\/product_brand?post=18971"},{"taxonomy":"product_cat","embeddable":true,"href":"https:\/\/yourstc.store\/ja\/wp-json\/wp\/v2\/product_cat?post=18971"},{"taxonomy":"product_tag","embeddable":true,"href":"https:\/\/yourstc.store\/ja\/wp-json\/wp\/v2\/product_tag?post=18971"}],"curies":[{"name":"wp","href":"https:\/\/api.w.org\/{rel}","templated":true}]}}