{"id":18957,"date":"2025-11-18T14:29:44","date_gmt":"2025-11-18T06:29:44","guid":{"rendered":"https:\/\/yourstc.store\/product\/lunar-chronicles-44-piece-dinnerware-set\/"},"modified":"2026-03-13T19:52:08","modified_gmt":"2026-03-13T11:52:08","slug":"lunar-chronicles-44-piece-dinnerware-set","status":"publish","type":"product","link":"https:\/\/yourstc.store\/ja\/product\/lunar-chronicles-44-piece-dinnerware-set\/","title":{"rendered":"Lunar Chronicles 44-piece Dinnerware Set"},"content":{"rendered":"<table class=\" aligncenter\" style=\"border-collapse: collapse;width: 528px;height: 584px\" border=\"0\" width=\"1316\" cellspacing=\"0\" cellpadding=\"0\">\n<tbody>\n<tr style=\"height: 13.50pt\">\n<td class=\"et2\" style=\"height: 13.50pt;width: 187.55pt\" width=\"500\" height=\"36\">Category<\/td>\n<td class=\"et2\" style=\"width: 306.00pt\" width=\"816\">Tea Set<\/td>\n<\/tr>\n<tr style=\"height: 13.50pt\">\n<td class=\"et2\" style=\"height: 13.50pt\" height=\"36\">Material<\/td>\n<td class=\"et2\">Ceramic<\/td>\n<\/tr>\n<tr style=\"height: 13.50pt\">\n<td class=\"et2\" style=\"height: 13.50pt\" height=\"36\">Craftsmanship<\/td>\n<td class=\"et2\">Gilded<\/td>\n<\/tr>\n<tr style=\"height: 13.50pt\">\n<td class=\"et2\" style=\"height: 13.50pt\" height=\"36\">Style<\/td>\n<td class=\"et2\">European<\/td>\n<\/tr>\n<tr style=\"height: 13.50pt\">\n<td class=\"et2\" style=\"height: 13.50pt\" height=\"36\">Functionality<\/td>\n<td class=\"et2\">Non-functional<\/td>\n<\/tr>\n<tr style=\"height: 13.50pt\">\n<td class=\"et2\" style=\"height: 13.50pt\" height=\"36\">Packaging Method<\/td>\n<td class=\"et2\">Premium Gift Box<\/td>\n<\/tr>\n<tr style=\"height: 121.50pt\">\n<td class=\"et2\" style=\"height: 121.50pt\" height=\"324\">Packing List<\/td>\n<td class=\"et3\" style=\"width: 306.00pt\" width=\"816\">6 \u00d7 116mm rice bowls<br \/>\n6 \u00d7 136mm soup spoons<br \/>\n6 \u00d7 212mm individual serving plates<br \/>\n6 \u00d7 116mm chopstick rests<br \/>\n2 \u00d7 258mm soup plates<br \/>\n4 \u00d7 225mm dinner plates<br \/>\n1 \u00d7 89mm spoon storage box<br \/>\n6 pairs of ceramic chopsticks<br \/>\n1 \u00d7 125mm chopstick holder<\/td>\n<\/tr>\n<tr style=\"height: 13.50pt\">\n<td class=\"et2\" style=\"height: 13.50pt\" height=\"36\">Remarks<\/td>\n<td class=\"et2\">Original Xunfeng<\/td>\n<\/tr>\n<\/tbody>\n<\/table>\n<p><img fetchpriority=\"high\" decoding=\"async\" class=\"aligncenter size-full wp-image-22623\" src=\"https:\/\/yourstc.store\/wp-content\/uploads\/2025\/11\/94a9be20d6dffe8e.jpg_\u526f\u672c.jpg\" alt=\"\" width=\"790\" height=\"425\" srcset=\"https:\/\/yourstc.store\/wp-content\/uploads\/2025\/11\/94a9be20d6dffe8e.jpg_\u526f\u672c.jpg 790w, https:\/\/yourstc.store\/wp-content\/uploads\/2025\/11\/94a9be20d6dffe8e.jpg_\u526f\u672c-300x161.jpg 300w, https:\/\/yourstc.store\/wp-content\/uploads\/2025\/11\/94a9be20d6dffe8e.jpg_\u526f\u672c-768x413.jpg 768w, https:\/\/yourstc.store\/wp-content\/uploads\/2025\/11\/94a9be20d6dffe8e.jpg_\u526f\u672c-600x323.jpg 600w, https:\/\/yourstc.store\/wp-content\/uploads\/2025\/11\/94a9be20d6dffe8e.jpg_\u526f\u672c-150x81.jpg 150w\" sizes=\"(max-width: 790px) 100vw, 790px\" \/> <img decoding=\"async\" class=\"aligncenter size-full wp-image-22629\" src=\"https:\/\/yourstc.store\/wp-content\/uploads\/2025\/11\/c2e31221a8f8657a.jpg_\u526f\u672c.jpg\" alt=\"\" width=\"790\" height=\"636\" srcset=\"https:\/\/yourstc.store\/wp-content\/uploads\/2025\/11\/c2e31221a8f8657a.jpg_\u526f\u672c.jpg 790w, https:\/\/yourstc.store\/wp-content\/uploads\/2025\/11\/c2e31221a8f8657a.jpg_\u526f\u672c-300x242.jpg 300w, https:\/\/yourstc.store\/wp-content\/uploads\/2025\/11\/c2e31221a8f8657a.jpg_\u526f\u672c-768x618.jpg 768w, https:\/\/yourstc.store\/wp-content\/uploads\/2025\/11\/c2e31221a8f8657a.jpg_\u526f\u672c-600x483.jpg 600w, https:\/\/yourstc.store\/wp-content\/uploads\/2025\/11\/c2e31221a8f8657a.jpg_\u526f\u672c-150x121.jpg 150w\" sizes=\"(max-width: 790px) 100vw, 790px\" \/> <img decoding=\"async\" class=\"aligncenter size-full wp-image-22635\" src=\"https:\/\/yourstc.store\/wp-content\/uploads\/2025\/11\/c0470d29f7ea1ae8.jpg_\u526f\u672c.jpg\" alt=\"\" width=\"790\" height=\"780\" srcset=\"https:\/\/yourstc.store\/wp-content\/uploads\/2025\/11\/c0470d29f7ea1ae8.jpg_\u526f\u672c.jpg 790w, https:\/\/yourstc.store\/wp-content\/uploads\/2025\/11\/c0470d29f7ea1ae8.jpg_\u526f\u672c-300x296.jpg 300w, https:\/\/yourstc.store\/wp-content\/uploads\/2025\/11\/c0470d29f7ea1ae8.jpg_\u526f\u672c-768x758.jpg 768w, https:\/\/yourstc.store\/wp-content\/uploads\/2025\/11\/c0470d29f7ea1ae8.jpg_\u526f\u672c-600x592.jpg 600w, https:\/\/yourstc.store\/wp-content\/uploads\/2025\/11\/c0470d29f7ea1ae8.jpg_\u526f\u672c-150x148.jpg 150w\" sizes=\"(max-width: 790px) 100vw, 790px\" \/><\/p>\n","protected":false},"excerpt":{"rendered":"<p>Category Tea Set Material Ceramic Craftsmanship Gilded Style European Functionality Non-functional Packaging Method Premium Gift Box Packing List 6 \u00d7 116mm rice bowls 6 \u00d7 136mm soup spoons 6 \u00d7 212mm individual serving plates 6 \u00d7 116mm chopstick rests 2 \u00d7 258mm soup plates 4 \u00d7 225mm dinner plates 1 \u00d7 89mm spoon storage box 6 pairs of ceramic chopsticks 1 \u00d7 125mm chopstick holder Remarks Original Xunfeng<\/p>\n","protected":false},"featured_media":18815,"comment_status":"open","ping_status":"closed","template":"","meta":[],"product_brand":[],"product_cat":[274],"product_tag":[],"class_list":{"0":"post-18957","1":"product","2":"type-product","3":"status-publish","4":"has-post-thumbnail","6":"product_cat-lunar-chronicles-series","7":"product_shipping_class-delicate-goods","9":"first","10":"instock","11":"taxable","12":"shipping-taxable","13":"purchasable","14":"product-type-simple"},"_links":{"self":[{"href":"https:\/\/yourstc.store\/ja\/wp-json\/wp\/v2\/product\/18957","targetHints":{"allow":["GET"]}}],"collection":[{"href":"https:\/\/yourstc.store\/ja\/wp-json\/wp\/v2\/product"}],"about":[{"href":"https:\/\/yourstc.store\/ja\/wp-json\/wp\/v2\/types\/product"}],"replies":[{"embeddable":true,"href":"https:\/\/yourstc.store\/ja\/wp-json\/wp\/v2\/comments?post=18957"}],"version-history":[{"count":4,"href":"https:\/\/yourstc.store\/ja\/wp-json\/wp\/v2\/product\/18957\/revisions"}],"predecessor-version":[{"id":22642,"href":"https:\/\/yourstc.store\/ja\/wp-json\/wp\/v2\/product\/18957\/revisions\/22642"}],"wp:featuredmedia":[{"embeddable":true,"href":"https:\/\/yourstc.store\/ja\/wp-json\/wp\/v2\/media\/18815"}],"wp:attachment":[{"href":"https:\/\/yourstc.store\/ja\/wp-json\/wp\/v2\/media?parent=18957"}],"wp:term":[{"taxonomy":"product_brand","embeddable":true,"href":"https:\/\/yourstc.store\/ja\/wp-json\/wp\/v2\/product_brand?post=18957"},{"taxonomy":"product_cat","embeddable":true,"href":"https:\/\/yourstc.store\/ja\/wp-json\/wp\/v2\/product_cat?post=18957"},{"taxonomy":"product_tag","embeddable":true,"href":"https:\/\/yourstc.store\/ja\/wp-json\/wp\/v2\/product_tag?post=18957"}],"curies":[{"name":"wp","href":"https:\/\/api.w.org\/{rel}","templated":true}]}}