{"id":10456,"date":"2025-10-27T00:03:35","date_gmt":"2025-10-26T16:03:35","guid":{"rendered":"https:\/\/yourstc.store\/?post_type=product&#038;p=10456"},"modified":"2026-03-13T19:55:59","modified_gmt":"2026-03-13T11:55:59","slug":"guangcai-legacy-3-piece-cup-set-430ml-gold-embossed-base","status":"publish","type":"product","link":"https:\/\/yourstc.store\/ja\/product\/guangcai-legacy-3-piece-cup-set-430ml-gold-embossed-base\/","title":{"rendered":"Guangcai Legacy 3-Piece Cup Set (430ml &#8211; Gold Embossed Base)"},"content":{"rendered":"<table class=\" aligncenter\" style=\"border-collapse: collapse;width: 359px;height: 316px\" border=\"0\" width=\"1787\" cellspacing=\"0\" cellpadding=\"0\">\n<tbody>\n<tr style=\"height: 13.50pt\">\n<td class=\"et2\" style=\"height: 13.50pt;width: 147.05pt\" width=\"392\" height=\"36\">Material<\/td>\n<td class=\"et2\" style=\"width: 523.20pt\" width=\"1395\">Ceramic<\/td>\n<\/tr>\n<tr style=\"height: 13.50pt\">\n<td class=\"et2\" style=\"height: 13.50pt\" height=\"36\">Style<\/td>\n<td class=\"et2\">Chinese<\/td>\n<\/tr>\n<tr style=\"height: 13.50pt\">\n<td class=\"et2\" style=\"height: 13.50pt\" height=\"36\">Functionality<\/td>\n<td class=\"et2\">Non-functional<\/td>\n<\/tr>\n<tr style=\"height: 13.50pt\">\n<td class=\"et2\" style=\"height: 13.50pt\" height=\"36\">Packaging Method<\/td>\n<td class=\"et2\">Premium Gift Box<\/td>\n<\/tr>\n<tr style=\"height: 40.50pt\">\n<td class=\"et2\" style=\"height: 40.50pt\" height=\"108\">Packing List<\/td>\n<td class=\"et3\" style=\"width: 523.20pt\" width=\"1395\">1 \u00d7 430ml cup with lid<br \/>\n1 \u00d7 430ml cup body<br \/>\n1 \u00d7 151mm saucer<\/td>\n<\/tr>\n<\/tbody>\n<\/table>\n<p><img fetchpriority=\"high\" decoding=\"async\" class=\"aligncenter size-full wp-image-20654\" src=\"https:\/\/yourstc.store\/wp-content\/uploads\/2025\/10\/421f0e55f74a3b40_\u526f\u672c.png\" alt=\"\" width=\"790\" height=\"1251\" srcset=\"https:\/\/yourstc.store\/wp-content\/uploads\/2025\/10\/421f0e55f74a3b40_\u526f\u672c.png 790w, https:\/\/yourstc.store\/wp-content\/uploads\/2025\/10\/421f0e55f74a3b40_\u526f\u672c-189x300.png 189w, https:\/\/yourstc.store\/wp-content\/uploads\/2025\/10\/421f0e55f74a3b40_\u526f\u672c-647x1024.png 647w, https:\/\/yourstc.store\/wp-content\/uploads\/2025\/10\/421f0e55f74a3b40_\u526f\u672c-768x1216.png 768w, https:\/\/yourstc.store\/wp-content\/uploads\/2025\/10\/421f0e55f74a3b40_\u526f\u672c-600x950.png 600w, https:\/\/yourstc.store\/wp-content\/uploads\/2025\/10\/421f0e55f74a3b40_\u526f\u672c-126x200.png 126w\" sizes=\"(max-width: 790px) 100vw, 790px\" \/> <img decoding=\"async\" class=\"aligncenter size-full wp-image-20622\" src=\"https:\/\/yourstc.store\/wp-content\/uploads\/2025\/10\/0ddca07a58f2157b_\u526f\u672c.png\" alt=\"\" width=\"790\" height=\"1143\" srcset=\"https:\/\/yourstc.store\/wp-content\/uploads\/2025\/10\/0ddca07a58f2157b_\u526f\u672c.png 790w, https:\/\/yourstc.store\/wp-content\/uploads\/2025\/10\/0ddca07a58f2157b_\u526f\u672c-207x300.png 207w, https:\/\/yourstc.store\/wp-content\/uploads\/2025\/10\/0ddca07a58f2157b_\u526f\u672c-708x1024.png 708w, https:\/\/yourstc.store\/wp-content\/uploads\/2025\/10\/0ddca07a58f2157b_\u526f\u672c-768x1111.png 768w, https:\/\/yourstc.store\/wp-content\/uploads\/2025\/10\/0ddca07a58f2157b_\u526f\u672c-600x868.png 600w, https:\/\/yourstc.store\/wp-content\/uploads\/2025\/10\/0ddca07a58f2157b_\u526f\u672c-138x200.png 138w\" sizes=\"(max-width: 790px) 100vw, 790px\" \/> <img decoding=\"async\" class=\"aligncenter size-full wp-image-20641\" src=\"https:\/\/yourstc.store\/wp-content\/uploads\/2025\/10\/98d800e1d3585170_\u526f\u672c.png\" alt=\"\" width=\"790\" height=\"1299\" srcset=\"https:\/\/yourstc.store\/wp-content\/uploads\/2025\/10\/98d800e1d3585170_\u526f\u672c.png 790w, https:\/\/yourstc.store\/wp-content\/uploads\/2025\/10\/98d800e1d3585170_\u526f\u672c-182x300.png 182w, https:\/\/yourstc.store\/wp-content\/uploads\/2025\/10\/98d800e1d3585170_\u526f\u672c-623x1024.png 623w, https:\/\/yourstc.store\/wp-content\/uploads\/2025\/10\/98d800e1d3585170_\u526f\u672c-768x1263.png 768w, https:\/\/yourstc.store\/wp-content\/uploads\/2025\/10\/98d800e1d3585170_\u526f\u672c-600x987.png 600w, https:\/\/yourstc.store\/wp-content\/uploads\/2025\/10\/98d800e1d3585170_\u526f\u672c-122x200.png 122w\" sizes=\"(max-width: 790px) 100vw, 790px\" \/><\/p>\n","protected":false},"excerpt":{"rendered":"<p>Material Ceramic Style Chinese Functionality Non-functional Packaging Method Premium Gift Box Packing List 1 \u00d7 430ml cup with lid 1 \u00d7 430ml cup body 1 \u00d7 151mm saucer<\/p>\n","protected":false},"featured_media":13172,"comment_status":"open","ping_status":"closed","template":"","meta":[],"product_brand":[],"product_cat":[302,40,128,282,280],"product_tag":[],"class_list":{"0":"post-10456","1":"product","2":"type-product","3":"status-publish","4":"has-post-thumbnail","6":"product_cat-for-her-series","7":"product_cat-ceramic","8":"product_cat-all-series","9":"product_cat-guangcai-legacy-series","10":"product_cat-popular","11":"product_shipping_class-delicate-goods","13":"first","14":"instock","15":"taxable","16":"shipping-taxable","17":"purchasable","18":"product-type-simple"},"_links":{"self":[{"href":"https:\/\/yourstc.store\/ja\/wp-json\/wp\/v2\/product\/10456","targetHints":{"allow":["GET"]}}],"collection":[{"href":"https:\/\/yourstc.store\/ja\/wp-json\/wp\/v2\/product"}],"about":[{"href":"https:\/\/yourstc.store\/ja\/wp-json\/wp\/v2\/types\/product"}],"replies":[{"embeddable":true,"href":"https:\/\/yourstc.store\/ja\/wp-json\/wp\/v2\/comments?post=10456"}],"version-history":[{"count":4,"href":"https:\/\/yourstc.store\/ja\/wp-json\/wp\/v2\/product\/10456\/revisions"}],"predecessor-version":[{"id":20661,"href":"https:\/\/yourstc.store\/ja\/wp-json\/wp\/v2\/product\/10456\/revisions\/20661"}],"wp:featuredmedia":[{"embeddable":true,"href":"https:\/\/yourstc.store\/ja\/wp-json\/wp\/v2\/media\/13172"}],"wp:attachment":[{"href":"https:\/\/yourstc.store\/ja\/wp-json\/wp\/v2\/media?parent=10456"}],"wp:term":[{"taxonomy":"product_brand","embeddable":true,"href":"https:\/\/yourstc.store\/ja\/wp-json\/wp\/v2\/product_brand?post=10456"},{"taxonomy":"product_cat","embeddable":true,"href":"https:\/\/yourstc.store\/ja\/wp-json\/wp\/v2\/product_cat?post=10456"},{"taxonomy":"product_tag","embeddable":true,"href":"https:\/\/yourstc.store\/ja\/wp-json\/wp\/v2\/product_tag?post=10456"}],"curies":[{"name":"wp","href":"https:\/\/api.w.org\/{rel}","templated":true}]}}