{"id":19691,"date":"2025-11-19T17:35:32","date_gmt":"2025-11-19T09:35:32","guid":{"rendered":"https:\/\/yourstc.store\/product\/ensemble-de-bols-2-pieces-wishes-come-true\/"},"modified":"2025-11-19T17:35:32","modified_gmt":"2025-11-19T09:35:32","slug":"ensemble-de-bols-2-pieces-wishes-come-true","status":"publish","type":"product","link":"https:\/\/yourstc.store\/fr\/produit\/ensemble-de-bols-2-pieces-wishes-come-true\/","title":{"rendered":"Ensemble de bols 2 pi\u00e8ces Wishes Come True"},"content":{"rendered":"<div class=\"item \">\n<div><\/div>\n<div><\/div>\n<div class=\"label\">\n<div>\n<div>\u4e2d\u6587\u540d\u79f0\uff1a\u592b\u4eba\u74f7-\u77f3\u69b4\u5bb6\u56ed\u5976\u7f38\uff08130ml\uff09<\/div>\n<div>\u82f1\u6587\u540d\u79f0\uff1aPomeland Creamer (130ml)<\/div>\n<div>Liste d&#8217;emballage : Non disponible pour le moment<\/div>\n<div>Sc\u00e9narios applicables : Universel<\/div>\n<div>Mat\u00e9riau : C\u00e9ramique<\/div>\n<div>Style : Chinois<\/div>\n<div>Cat\u00e9gorie : Cafeti\u00e8re \u00e0 piston<\/div>\n<div>Nombre de tasses pouvant \u00eatre infus\u00e9es : 8 tasses et plus<\/div>\n<\/div>\n<\/div>\n<\/div>\n<div class=\"item exclusive-row\">\n<div class=\"value\">\n<div title=\"Non disponible pour le moment\"><span class=\"text\"><img fetchpriority=\"high\" decoding=\"async\" class=\"aligncenter wp-image-19464 size-medium\" src=\"https:\/\/yourstc.store\/wp-content\/uploads\/2025\/11\/%E5%9B%9B%E6%96%B9%E6%9D%A5%E8%B4%A22%E5%A4%B4%E7%9B%96%E6%9D%AF%EF%BC%88400ml%EF%BC%89_%E4%B8%BB%E5%9B%BE-225x300.png\" alt=\"\" width=\"225\" height=\"300\"><\/span><\/div>\n<\/div>\n<\/div>\n","protected":false},"excerpt":{"rendered":"<p>\u4e2d\u6587\u540d\u79f0\uff1a\u592b\u4eba\u74f7-\u77f3\u69b4\u5bb6\u56ed\u5976\u7f38\uff08130ml\uff09 \u82f1\u6587\u540d\u79f0\uff1aPomeland Creamer (130ml) Liste d&#8217;emballage : Non disponible pour le moment Sc\u00e9narios applicables : Universel Mat\u00e9riau : C\u00e9ramique Style : Chinois Cat\u00e9gorie : Cafeti\u00e8re \u00e0 piston Nombre de tasses pouvant \u00eatre infus\u00e9es : 8 tasses et plus<\/p>\n","protected":false},"featured_media":19383,"comment_status":"open","ping_status":"closed","template":"","meta":[],"product_brand":[],"product_cat":[379],"product_tag":[],"class_list":{"0":"post-19691","1":"product","2":"type-product","3":"status-publish","4":"has-post-thumbnail","6":"product_cat-wishes-come-true-fr","7":"product_shipping_class-caracteristiques-du-produit","9":"first","10":"instock","11":"taxable","12":"shipping-taxable","13":"purchasable","14":"product-type-simple"},"_links":{"self":[{"href":"https:\/\/yourstc.store\/fr\/wp-json\/wp\/v2\/product\/19691","targetHints":{"allow":["GET"]}}],"collection":[{"href":"https:\/\/yourstc.store\/fr\/wp-json\/wp\/v2\/product"}],"about":[{"href":"https:\/\/yourstc.store\/fr\/wp-json\/wp\/v2\/types\/product"}],"replies":[{"embeddable":true,"href":"https:\/\/yourstc.store\/fr\/wp-json\/wp\/v2\/comments?post=19691"}],"version-history":[{"count":0,"href":"https:\/\/yourstc.store\/fr\/wp-json\/wp\/v2\/product\/19691\/revisions"}],"wp:featuredmedia":[{"embeddable":true,"href":"https:\/\/yourstc.store\/fr\/wp-json\/wp\/v2\/media\/19383"}],"wp:attachment":[{"href":"https:\/\/yourstc.store\/fr\/wp-json\/wp\/v2\/media?parent=19691"}],"wp:term":[{"taxonomy":"product_brand","embeddable":true,"href":"https:\/\/yourstc.store\/fr\/wp-json\/wp\/v2\/product_brand?post=19691"},{"taxonomy":"product_cat","embeddable":true,"href":"https:\/\/yourstc.store\/fr\/wp-json\/wp\/v2\/product_cat?post=19691"},{"taxonomy":"product_tag","embeddable":true,"href":"https:\/\/yourstc.store\/fr\/wp-json\/wp\/v2\/product_tag?post=19691"}],"curies":[{"name":"wp","href":"https:\/\/api.w.org\/{rel}","templated":true}]}}