{"id":18966,"date":"2025-11-18T14:29:50","date_gmt":"2025-11-18T06:29:50","guid":{"rendered":"https:\/\/yourstc.store\/product\/lunar-chronicles-14-piece-coffee-set\/"},"modified":"2026-03-13T19:52:08","modified_gmt":"2026-03-13T11:52:08","slug":"lunar-chronicles-14-piece-coffee-set","status":"publish","type":"product","link":"https:\/\/yourstc.store\/fr\/produit\/lunar-chronicles-14-piece-coffee-set\/","title":{"rendered":"Lunar Chronicles 14-piece Coffee Set"},"content":{"rendered":"<table class=\" aligncenter\" style=\"border-collapse: collapse;width: 384px;height: 456px\" border=\"0\" width=\"1316\" cellspacing=\"0\" cellpadding=\"0\">\n<tbody>\n<tr style=\"height: 13.50pt\">\n<td class=\"et2\" style=\"height: 13.50pt;width: 187.55pt\" width=\"500\" height=\"36\">Category<\/td>\n<td class=\"et2\" style=\"width: 306.00pt\" width=\"816\">Tea Set<\/td>\n<\/tr>\n<tr style=\"height: 13.50pt\">\n<td class=\"et2\" style=\"height: 13.50pt\" height=\"36\">Material<\/td>\n<td class=\"et2\">Ceramic<\/td>\n<\/tr>\n<tr style=\"height: 13.50pt\">\n<td class=\"et2\" style=\"height: 13.50pt\" height=\"36\">Craftsmanship<\/td>\n<td class=\"et2\">Hand-painted\u3001gilded<\/td>\n<\/tr>\n<tr style=\"height: 13.50pt\">\n<td class=\"et2\" style=\"height: 13.50pt\" height=\"36\">Style<\/td>\n<td class=\"et2\">Chinese<\/td>\n<\/tr>\n<tr style=\"height: 13.50pt\">\n<td class=\"et2\" style=\"height: 13.50pt\" height=\"36\">Functionality<\/td>\n<td class=\"et2\">Non-functional<\/td>\n<\/tr>\n<tr style=\"height: 13.50pt\">\n<td class=\"et2\" style=\"height: 13.50pt\" height=\"36\">Packaging Method<\/td>\n<td class=\"et2\">Premium Gift Box<\/td>\n<\/tr>\n<tr style=\"height: 40.50pt\">\n<td class=\"et2\" style=\"height: 40.50pt\" height=\"108\">Packing List<\/td>\n<td class=\"et3\" style=\"width: 306.00pt\" width=\"816\">1 \u00d7 370ml double-spout teapot<br \/>\n6 \u00d7 120ml tea cups<br \/>\n6 \u00d7 113mm tea saucers<\/td>\n<\/tr>\n<tr style=\"height: 15.75pt\">\n<td class=\"et2\" style=\"height: 15.75pt\" height=\"42\">Remarks<\/td>\n<td class=\"et4\" style=\"width: 306.00pt\" width=\"816\">Original Xunfeng<\/td>\n<\/tr>\n<\/tbody>\n<\/table>\n<p><img fetchpriority=\"high\" decoding=\"async\" class=\"aligncenter size-full wp-image-22304\" src=\"https:\/\/yourstc.store\/wp-content\/uploads\/2025\/11\/001c4a8012743d0a.jpg_\u526f\u672c.jpg\" alt=\"\" width=\"790\" height=\"382\" srcset=\"https:\/\/yourstc.store\/wp-content\/uploads\/2025\/11\/001c4a8012743d0a.jpg_\u526f\u672c.jpg 790w, https:\/\/yourstc.store\/wp-content\/uploads\/2025\/11\/001c4a8012743d0a.jpg_\u526f\u672c-300x145.jpg 300w, https:\/\/yourstc.store\/wp-content\/uploads\/2025\/11\/001c4a8012743d0a.jpg_\u526f\u672c-768x371.jpg 768w, https:\/\/yourstc.store\/wp-content\/uploads\/2025\/11\/001c4a8012743d0a.jpg_\u526f\u672c-600x290.jpg 600w, https:\/\/yourstc.store\/wp-content\/uploads\/2025\/11\/001c4a8012743d0a.jpg_\u526f\u672c-150x73.jpg 150w\" sizes=\"(max-width: 790px) 100vw, 790px\" \/> <img decoding=\"async\" class=\"aligncenter size-full wp-image-22310\" src=\"https:\/\/yourstc.store\/wp-content\/uploads\/2025\/11\/94f7f7be49af2a76.jpg_\u526f\u672c.jpg\" alt=\"\" width=\"790\" height=\"792\" srcset=\"https:\/\/yourstc.store\/wp-content\/uploads\/2025\/11\/94f7f7be49af2a76.jpg_\u526f\u672c.jpg 790w, https:\/\/yourstc.store\/wp-content\/uploads\/2025\/11\/94f7f7be49af2a76.jpg_\u526f\u672c-300x300.jpg 300w, https:\/\/yourstc.store\/wp-content\/uploads\/2025\/11\/94f7f7be49af2a76.jpg_\u526f\u672c-150x150.jpg 150w, https:\/\/yourstc.store\/wp-content\/uploads\/2025\/11\/94f7f7be49af2a76.jpg_\u526f\u672c-768x770.jpg 768w, https:\/\/yourstc.store\/wp-content\/uploads\/2025\/11\/94f7f7be49af2a76.jpg_\u526f\u672c-600x602.jpg 600w\" sizes=\"(max-width: 790px) 100vw, 790px\" \/> <img decoding=\"async\" class=\"aligncenter size-full wp-image-22316\" src=\"https:\/\/yourstc.store\/wp-content\/uploads\/2025\/11\/d87622f0d915778f-1.jpg_\u526f\u672c-1.jpg\" alt=\"\" width=\"790\" height=\"972\" srcset=\"https:\/\/yourstc.store\/wp-content\/uploads\/2025\/11\/d87622f0d915778f-1.jpg_\u526f\u672c-1.jpg 790w, https:\/\/yourstc.store\/wp-content\/uploads\/2025\/11\/d87622f0d915778f-1.jpg_\u526f\u672c-1-244x300.jpg 244w, https:\/\/yourstc.store\/wp-content\/uploads\/2025\/11\/d87622f0d915778f-1.jpg_\u526f\u672c-1-768x945.jpg 768w, https:\/\/yourstc.store\/wp-content\/uploads\/2025\/11\/d87622f0d915778f-1.jpg_\u526f\u672c-1-600x738.jpg 600w, https:\/\/yourstc.store\/wp-content\/uploads\/2025\/11\/d87622f0d915778f-1.jpg_\u526f\u672c-1-150x185.jpg 150w\" sizes=\"(max-width: 790px) 100vw, 790px\" \/><\/p>\n","protected":false},"excerpt":{"rendered":"<p>Category Tea Set Material Ceramic Craftsmanship Hand-painted\u3001gilded Style Chinese Functionality Non-functional Packaging Method Premium Gift Box Packing List 1 \u00d7 370ml double-spout teapot 6 \u00d7 120ml tea cups 6 \u00d7 113mm tea saucers Remarks Original Xunfeng<\/p>\n","protected":false},"featured_media":18611,"comment_status":"open","ping_status":"closed","template":"","meta":[],"product_brand":[],"product_cat":[274],"product_tag":[],"class_list":{"0":"post-18966","1":"product","2":"type-product","3":"status-publish","4":"has-post-thumbnail","6":"product_cat-lunar-chronicles-series","7":"product_shipping_class-delicate-goods","9":"first","10":"instock","11":"taxable","12":"shipping-taxable","13":"purchasable","14":"product-type-simple"},"_links":{"self":[{"href":"https:\/\/yourstc.store\/fr\/wp-json\/wp\/v2\/product\/18966","targetHints":{"allow":["GET"]}}],"collection":[{"href":"https:\/\/yourstc.store\/fr\/wp-json\/wp\/v2\/product"}],"about":[{"href":"https:\/\/yourstc.store\/fr\/wp-json\/wp\/v2\/types\/product"}],"replies":[{"embeddable":true,"href":"https:\/\/yourstc.store\/fr\/wp-json\/wp\/v2\/comments?post=18966"}],"version-history":[{"count":4,"href":"https:\/\/yourstc.store\/fr\/wp-json\/wp\/v2\/product\/18966\/revisions"}],"predecessor-version":[{"id":22322,"href":"https:\/\/yourstc.store\/fr\/wp-json\/wp\/v2\/product\/18966\/revisions\/22322"}],"wp:featuredmedia":[{"embeddable":true,"href":"https:\/\/yourstc.store\/fr\/wp-json\/wp\/v2\/media\/18611"}],"wp:attachment":[{"href":"https:\/\/yourstc.store\/fr\/wp-json\/wp\/v2\/media?parent=18966"}],"wp:term":[{"taxonomy":"product_brand","embeddable":true,"href":"https:\/\/yourstc.store\/fr\/wp-json\/wp\/v2\/product_brand?post=18966"},{"taxonomy":"product_cat","embeddable":true,"href":"https:\/\/yourstc.store\/fr\/wp-json\/wp\/v2\/product_cat?post=18966"},{"taxonomy":"product_tag","embeddable":true,"href":"https:\/\/yourstc.store\/fr\/wp-json\/wp\/v2\/product_tag?post=18966"}],"curies":[{"name":"wp","href":"https:\/\/api.w.org\/{rel}","templated":true}]}}