{"id":10367,"date":"2025-10-30T11:06:28","date_gmt":"2025-10-30T03:06:28","guid":{"rendered":"https:\/\/yourstc.store\/?post_type=product&#038;p=10367"},"modified":"2026-03-13T19:54:17","modified_gmt":"2026-03-13T11:54:17","slug":"guangcai-legacy-3-piece-cup-set-430ml-white-embossed-base","status":"publish","type":"product","link":"https:\/\/yourstc.store\/fr\/produit\/guangcai-legacy-3-piece-cup-set-430ml-white-embossed-base\/","title":{"rendered":"Guangcai Legacy 3-Piece Cup Set (430ml &#8211; White Embossed Base)"},"content":{"rendered":"<table class=\" aligncenter\" style=\"border-collapse: collapse;width: 296px;height: 342px\" border=\"0\" width=\"1787\" cellspacing=\"0\" cellpadding=\"0\">\n<tbody>\n<tr style=\"height: 13.50pt\">\n<td class=\"et2\" style=\"height: 13.50pt;width: 147.05pt\" width=\"392\" height=\"36\">Material<\/td>\n<td class=\"et2\" style=\"width: 523.20pt\" width=\"1395\">Ceramic<\/td>\n<\/tr>\n<tr style=\"height: 13.50pt\">\n<td class=\"et2\" style=\"height: 13.50pt\" height=\"36\">Style<\/td>\n<td class=\"et2\">Chinese<\/td>\n<\/tr>\n<tr style=\"height: 13.50pt\">\n<td class=\"et2\" style=\"height: 13.50pt\" height=\"36\">Functionality<\/td>\n<td class=\"et2\">Non-functional<\/td>\n<\/tr>\n<tr style=\"height: 13.50pt\">\n<td class=\"et2\" style=\"height: 13.50pt\" height=\"36\">Packaging Method<\/td>\n<td class=\"et2\">Premium Gift Box<\/td>\n<\/tr>\n<tr style=\"height: 40.50pt\">\n<td class=\"et2\" style=\"height: 40.50pt\" height=\"108\">Packing List<\/td>\n<td class=\"et3\" style=\"width: 523.20pt\" width=\"1395\">1 \u00d7 430ml cup with lid<br \/>\n1 \u00d7 430ml cup body<br \/>\n1 \u00d7 151mm saucer<\/td>\n<\/tr>\n<\/tbody>\n<\/table>\n<p><img fetchpriority=\"high\" decoding=\"async\" class=\"aligncenter size-full wp-image-20634\" src=\"https:\/\/yourstc.store\/wp-content\/uploads\/2025\/10\/25c36bfe140e890f_\u526f\u672c.png\" alt=\"\" width=\"790\" height=\"1144\" srcset=\"https:\/\/yourstc.store\/wp-content\/uploads\/2025\/10\/25c36bfe140e890f_\u526f\u672c.png 790w, https:\/\/yourstc.store\/wp-content\/uploads\/2025\/10\/25c36bfe140e890f_\u526f\u672c-207x300.png 207w, https:\/\/yourstc.store\/wp-content\/uploads\/2025\/10\/25c36bfe140e890f_\u526f\u672c-707x1024.png 707w, https:\/\/yourstc.store\/wp-content\/uploads\/2025\/10\/25c36bfe140e890f_\u526f\u672c-768x1112.png 768w, https:\/\/yourstc.store\/wp-content\/uploads\/2025\/10\/25c36bfe140e890f_\u526f\u672c-600x869.png 600w, https:\/\/yourstc.store\/wp-content\/uploads\/2025\/10\/25c36bfe140e890f_\u526f\u672c-138x200.png 138w\" sizes=\"(max-width: 790px) 100vw, 790px\" \/> <img decoding=\"async\" class=\"aligncenter size-full wp-image-20647\" src=\"https:\/\/yourstc.store\/wp-content\/uploads\/2025\/10\/eb6fd214ee03ef8f_\u526f\u672c.png\" alt=\"\" width=\"790\" height=\"469\" srcset=\"https:\/\/yourstc.store\/wp-content\/uploads\/2025\/10\/eb6fd214ee03ef8f_\u526f\u672c.png 790w, https:\/\/yourstc.store\/wp-content\/uploads\/2025\/10\/eb6fd214ee03ef8f_\u526f\u672c-300x178.png 300w, https:\/\/yourstc.store\/wp-content\/uploads\/2025\/10\/eb6fd214ee03ef8f_\u526f\u672c-768x456.png 768w, https:\/\/yourstc.store\/wp-content\/uploads\/2025\/10\/eb6fd214ee03ef8f_\u526f\u672c-600x356.png 600w, https:\/\/yourstc.store\/wp-content\/uploads\/2025\/10\/eb6fd214ee03ef8f_\u526f\u672c-150x89.png 150w\" sizes=\"(max-width: 790px) 100vw, 790px\" \/> <img decoding=\"async\" class=\"aligncenter size-full wp-image-20628\" src=\"https:\/\/yourstc.store\/wp-content\/uploads\/2025\/10\/7e519707c83907a8_\u526f\u672c.png\" alt=\"\" width=\"790\" height=\"1221\" srcset=\"https:\/\/yourstc.store\/wp-content\/uploads\/2025\/10\/7e519707c83907a8_\u526f\u672c.png 790w, https:\/\/yourstc.store\/wp-content\/uploads\/2025\/10\/7e519707c83907a8_\u526f\u672c-194x300.png 194w, https:\/\/yourstc.store\/wp-content\/uploads\/2025\/10\/7e519707c83907a8_\u526f\u672c-663x1024.png 663w, https:\/\/yourstc.store\/wp-content\/uploads\/2025\/10\/7e519707c83907a8_\u526f\u672c-768x1187.png 768w, https:\/\/yourstc.store\/wp-content\/uploads\/2025\/10\/7e519707c83907a8_\u526f\u672c-600x927.png 600w, https:\/\/yourstc.store\/wp-content\/uploads\/2025\/10\/7e519707c83907a8_\u526f\u672c-129x200.png 129w\" sizes=\"(max-width: 790px) 100vw, 790px\" \/><\/p>\n","protected":false},"excerpt":{"rendered":"<p>Material Ceramic Style Chinese Functionality Non-functional Packaging Method Premium Gift Box Packing List 1 \u00d7 430ml cup with lid 1 \u00d7 430ml cup body 1 \u00d7 151mm saucer<\/p>\n","protected":false},"featured_media":10512,"comment_status":"open","ping_status":"closed","template":"","meta":[],"product_brand":[],"product_cat":[302,40,128,282,290],"product_tag":[],"class_list":{"0":"post-10367","1":"product","2":"type-product","3":"status-publish","4":"has-post-thumbnail","6":"product_cat-for-her-series","7":"product_cat-ceramic","8":"product_cat-all-series","9":"product_cat-guangcai-legacy-series","10":"product_cat-mug","11":"product_shipping_class-delicate-goods","13":"first","14":"instock","15":"taxable","16":"shipping-taxable","17":"purchasable","18":"product-type-simple"},"_links":{"self":[{"href":"https:\/\/yourstc.store\/fr\/wp-json\/wp\/v2\/product\/10367","targetHints":{"allow":["GET"]}}],"collection":[{"href":"https:\/\/yourstc.store\/fr\/wp-json\/wp\/v2\/product"}],"about":[{"href":"https:\/\/yourstc.store\/fr\/wp-json\/wp\/v2\/types\/product"}],"replies":[{"embeddable":true,"href":"https:\/\/yourstc.store\/fr\/wp-json\/wp\/v2\/comments?post=10367"}],"version-history":[{"count":5,"href":"https:\/\/yourstc.store\/fr\/wp-json\/wp\/v2\/product\/10367\/revisions"}],"predecessor-version":[{"id":20653,"href":"https:\/\/yourstc.store\/fr\/wp-json\/wp\/v2\/product\/10367\/revisions\/20653"}],"wp:featuredmedia":[{"embeddable":true,"href":"https:\/\/yourstc.store\/fr\/wp-json\/wp\/v2\/media\/10512"}],"wp:attachment":[{"href":"https:\/\/yourstc.store\/fr\/wp-json\/wp\/v2\/media?parent=10367"}],"wp:term":[{"taxonomy":"product_brand","embeddable":true,"href":"https:\/\/yourstc.store\/fr\/wp-json\/wp\/v2\/product_brand?post=10367"},{"taxonomy":"product_cat","embeddable":true,"href":"https:\/\/yourstc.store\/fr\/wp-json\/wp\/v2\/product_cat?post=10367"},{"taxonomy":"product_tag","embeddable":true,"href":"https:\/\/yourstc.store\/fr\/wp-json\/wp\/v2\/product_tag?post=10367"}],"curies":[{"name":"wp","href":"https:\/\/api.w.org\/{rel}","templated":true}]}}