{"id":7994,"date":"2025-10-30T10:17:35","date_gmt":"2025-10-30T02:17:35","guid":{"rendered":"https:\/\/yourstc.store\/?post_type=product&#038;p=7994"},"modified":"2026-03-13T19:55:33","modified_gmt":"2026-03-13T11:55:33","slug":"moon-time-10-pieces-of-cup-pot-sets","status":"publish","type":"product","link":"https:\/\/yourstc.store\/es\/producto\/moon-time-10-pieces-of-cup-pot-sets\/","title":{"rendered":"Lunar Chronicles-10 pieces of cup-pot sets"},"content":{"rendered":"<table class=\" aligncenter\" style=\"border-collapse: collapse;width: 381px;height: 409px\" border=\"0\" width=\"1316\" cellspacing=\"0\" cellpadding=\"0\">\n<tbody>\n<tr style=\"height: 13.50pt\">\n<td class=\"et2\" style=\"height: 13.50pt;width: 187.55pt\" width=\"500\" height=\"36\">Category<\/td>\n<td class=\"et2\" style=\"width: 306.00pt\" width=\"816\">Tea Set<\/td>\n<\/tr>\n<tr style=\"height: 13.50pt\">\n<td class=\"et2\" style=\"height: 13.50pt\" height=\"36\">Material<\/td>\n<td class=\"et2\">Ceramic<\/td>\n<\/tr>\n<tr style=\"height: 13.50pt\">\n<td class=\"et2\" style=\"height: 13.50pt\" height=\"36\">Style<\/td>\n<td class=\"et2\">Chinese<\/td>\n<\/tr>\n<tr style=\"height: 13.50pt\">\n<td class=\"et2\" style=\"height: 13.50pt\" height=\"36\">Teapot Cup Material<\/td>\n<td class=\"et2\">Ceramic<\/td>\n<\/tr>\n<tr style=\"height: 13.50pt\">\n<td class=\"et2\" style=\"height: 13.50pt\" height=\"36\">Functionality<\/td>\n<td class=\"et2\">Non-functional<\/td>\n<\/tr>\n<tr style=\"height: 13.50pt\">\n<td class=\"et2\" style=\"height: 13.50pt\" height=\"36\">Packaging Method<\/td>\n<td class=\"et2\">Premium Gift Box<\/td>\n<\/tr>\n<tr style=\"height: 40.50pt\">\n<td class=\"et2\" style=\"height: 40.50pt\" height=\"108\">Packing List<\/td>\n<td class=\"et3\" style=\"width: 306.00pt\" width=\"816\">1 \u00d7 370ml double-spout teapot<br \/>\n4 \u00d7 120ml tea cups<br \/>\n4 \u00d7 113mm tea saucers<\/td>\n<\/tr>\n<\/tbody>\n<\/table>\n<p><img fetchpriority=\"high\" decoding=\"async\" class=\"aligncenter size-full wp-image-22323\" src=\"https:\/\/yourstc.store\/wp-content\/uploads\/2025\/11\/94f7f7be49af2a76-1.jpg_\u526f\u672c-1.jpg\" alt=\"\" width=\"790\" height=\"792\" srcset=\"https:\/\/yourstc.store\/wp-content\/uploads\/2025\/11\/94f7f7be49af2a76-1.jpg_\u526f\u672c-1.jpg 790w, https:\/\/yourstc.store\/wp-content\/uploads\/2025\/11\/94f7f7be49af2a76-1.jpg_\u526f\u672c-1-300x300.jpg 300w, https:\/\/yourstc.store\/wp-content\/uploads\/2025\/11\/94f7f7be49af2a76-1.jpg_\u526f\u672c-1-150x150.jpg 150w, https:\/\/yourstc.store\/wp-content\/uploads\/2025\/11\/94f7f7be49af2a76-1.jpg_\u526f\u672c-1-768x770.jpg 768w, https:\/\/yourstc.store\/wp-content\/uploads\/2025\/11\/94f7f7be49af2a76-1.jpg_\u526f\u672c-1-600x602.jpg 600w\" sizes=\"(max-width: 790px) 100vw, 790px\" \/> <img decoding=\"async\" class=\"aligncenter size-full wp-image-22329\" src=\"https:\/\/yourstc.store\/wp-content\/uploads\/2025\/11\/2789066b7673ca1c.jpg_\u526f\u672c.jpg\" alt=\"\" width=\"790\" height=\"401\" srcset=\"https:\/\/yourstc.store\/wp-content\/uploads\/2025\/11\/2789066b7673ca1c.jpg_\u526f\u672c.jpg 790w, https:\/\/yourstc.store\/wp-content\/uploads\/2025\/11\/2789066b7673ca1c.jpg_\u526f\u672c-300x152.jpg 300w, https:\/\/yourstc.store\/wp-content\/uploads\/2025\/11\/2789066b7673ca1c.jpg_\u526f\u672c-768x390.jpg 768w, https:\/\/yourstc.store\/wp-content\/uploads\/2025\/11\/2789066b7673ca1c.jpg_\u526f\u672c-600x305.jpg 600w, https:\/\/yourstc.store\/wp-content\/uploads\/2025\/11\/2789066b7673ca1c.jpg_\u526f\u672c-150x76.jpg 150w\" sizes=\"(max-width: 790px) 100vw, 790px\" \/> <img decoding=\"async\" class=\"aligncenter size-full wp-image-22335\" src=\"https:\/\/yourstc.store\/wp-content\/uploads\/2025\/11\/d87622f0d915778f-2.jpg_\u526f\u672c-2.jpg\" alt=\"\" width=\"790\" height=\"972\" srcset=\"https:\/\/yourstc.store\/wp-content\/uploads\/2025\/11\/d87622f0d915778f-2.jpg_\u526f\u672c-2.jpg 790w, https:\/\/yourstc.store\/wp-content\/uploads\/2025\/11\/d87622f0d915778f-2.jpg_\u526f\u672c-2-244x300.jpg 244w, https:\/\/yourstc.store\/wp-content\/uploads\/2025\/11\/d87622f0d915778f-2.jpg_\u526f\u672c-2-768x945.jpg 768w, https:\/\/yourstc.store\/wp-content\/uploads\/2025\/11\/d87622f0d915778f-2.jpg_\u526f\u672c-2-600x738.jpg 600w, https:\/\/yourstc.store\/wp-content\/uploads\/2025\/11\/d87622f0d915778f-2.jpg_\u526f\u672c-2-150x185.jpg 150w\" sizes=\"(max-width: 790px) 100vw, 790px\" \/><\/p>\n","protected":false},"excerpt":{"rendered":"<p>Category Tea Set Material Ceramic Style Chinese Teapot Cup Material Ceramic Functionality Non-functional Packaging Method Premium Gift Box Packing List 1 \u00d7 370ml double-spout teapot 4 \u00d7 120ml tea cups 4 \u00d7 113mm tea saucers<\/p>\n","protected":false},"featured_media":8001,"comment_status":"open","ping_status":"closed","template":"","meta":[],"product_brand":[],"product_cat":[302,128,274],"product_tag":[],"class_list":{"0":"post-7994","1":"product","2":"type-product","3":"status-publish","4":"has-post-thumbnail","6":"product_cat-for-her-series","7":"product_cat-all-series","8":"product_cat-lunar-chronicles-series","10":"first","11":"instock","12":"taxable","13":"shipping-taxable","14":"purchasable","15":"product-type-simple"},"_links":{"self":[{"href":"https:\/\/yourstc.store\/es\/wp-json\/wp\/v2\/product\/7994","targetHints":{"allow":["GET"]}}],"collection":[{"href":"https:\/\/yourstc.store\/es\/wp-json\/wp\/v2\/product"}],"about":[{"href":"https:\/\/yourstc.store\/es\/wp-json\/wp\/v2\/types\/product"}],"replies":[{"embeddable":true,"href":"https:\/\/yourstc.store\/es\/wp-json\/wp\/v2\/comments?post=7994"}],"version-history":[{"count":5,"href":"https:\/\/yourstc.store\/es\/wp-json\/wp\/v2\/product\/7994\/revisions"}],"predecessor-version":[{"id":22879,"href":"https:\/\/yourstc.store\/es\/wp-json\/wp\/v2\/product\/7994\/revisions\/22879"}],"wp:featuredmedia":[{"embeddable":true,"href":"https:\/\/yourstc.store\/es\/wp-json\/wp\/v2\/media\/8001"}],"wp:attachment":[{"href":"https:\/\/yourstc.store\/es\/wp-json\/wp\/v2\/media?parent=7994"}],"wp:term":[{"taxonomy":"product_brand","embeddable":true,"href":"https:\/\/yourstc.store\/es\/wp-json\/wp\/v2\/product_brand?post=7994"},{"taxonomy":"product_cat","embeddable":true,"href":"https:\/\/yourstc.store\/es\/wp-json\/wp\/v2\/product_cat?post=7994"},{"taxonomy":"product_tag","embeddable":true,"href":"https:\/\/yourstc.store\/es\/wp-json\/wp\/v2\/product_tag?post=7994"}],"curies":[{"name":"wp","href":"https:\/\/api.w.org\/{rel}","templated":true}]}}