{"id":7875,"date":"2025-10-30T10:14:36","date_gmt":"2025-10-30T02:14:36","guid":{"rendered":"https:\/\/yourstc.store\/?post_type=product&#038;p=7875"},"modified":"2026-03-13T19:55:33","modified_gmt":"2026-03-13T11:55:33","slug":"moon-time-12-pieces-of-cup-pot-sets","status":"publish","type":"product","link":"https:\/\/yourstc.store\/es\/producto\/moon-time-12-pieces-of-cup-pot-sets\/","title":{"rendered":"Lunar Chronicles-12 pieces of cup-pot sets"},"content":{"rendered":"<table class=\" aligncenter\" style=\"border-collapse: collapse;width: 380px;height: 460px\" border=\"0\" width=\"1316\" cellspacing=\"0\" cellpadding=\"0\">\n<tbody>\n<tr style=\"height: 13.50pt\">\n<td class=\"et2\" style=\"height: 13.50pt;width: 187.55pt\" width=\"500\" height=\"36\">Category<\/td>\n<td class=\"et2\" style=\"width: 306.00pt\" width=\"816\">Tea Set<\/td>\n<\/tr>\n<tr style=\"height: 13.50pt\">\n<td class=\"et2\" style=\"height: 13.50pt\" height=\"36\">Material<\/td>\n<td class=\"et2\">Ceramic<\/td>\n<\/tr>\n<tr style=\"height: 13.50pt\">\n<td class=\"et2\" style=\"height: 13.50pt\" height=\"36\">Style<\/td>\n<td class=\"et2\">Chinese<\/td>\n<\/tr>\n<tr style=\"height: 13.50pt\">\n<td class=\"et2\" style=\"height: 13.50pt\" height=\"36\">Teapot Cup Material<\/td>\n<td class=\"et2\">Ceramic<\/td>\n<\/tr>\n<tr style=\"height: 13.50pt\">\n<td class=\"et2\" style=\"height: 13.50pt\" height=\"36\">Functionality<\/td>\n<td class=\"et2\">Non-functional<\/td>\n<\/tr>\n<tr style=\"height: 13.50pt\">\n<td class=\"et2\" style=\"height: 13.50pt\" height=\"36\">Packaging Method<\/td>\n<td class=\"et2\">Premium Gift Box<\/td>\n<\/tr>\n<tr style=\"height: 67.50pt\">\n<td class=\"et2\" style=\"height: 67.50pt\" height=\"180\">Packing List<\/td>\n<td class=\"et3\" style=\"width: 306.00pt\" width=\"816\">1 \u00d7 210ml double-handled teapot<br \/>\n4 \u00d7 55ml tea cups<br \/>\n4 \u00d7 93mm tea saucers<br \/>\n1 \u00d7 260ml fairness pitcher<br \/>\n1 \u00d7 92mm tea strainer<\/td>\n<\/tr>\n<\/tbody>\n<\/table>\n<p><img fetchpriority=\"high\" decoding=\"async\" class=\"aligncenter size-full wp-image-22901\" src=\"https:\/\/yourstc.store\/wp-content\/uploads\/2025\/10\/1-1_\u526f\u672c.jpg\" alt=\"\" width=\"750\" height=\"1039\" srcset=\"https:\/\/yourstc.store\/wp-content\/uploads\/2025\/10\/1-1_\u526f\u672c.jpg 750w, https:\/\/yourstc.store\/wp-content\/uploads\/2025\/10\/1-1_\u526f\u672c-217x300.jpg 217w, https:\/\/yourstc.store\/wp-content\/uploads\/2025\/10\/1-1_\u526f\u672c-739x1024.jpg 739w, https:\/\/yourstc.store\/wp-content\/uploads\/2025\/10\/1-1_\u526f\u672c-600x831.jpg 600w, https:\/\/yourstc.store\/wp-content\/uploads\/2025\/10\/1-1_\u526f\u672c-144x200.jpg 144w\" sizes=\"(max-width: 750px) 100vw, 750px\" \/> <img decoding=\"async\" class=\"aligncenter size-full wp-image-22907\" src=\"https:\/\/yourstc.store\/wp-content\/uploads\/2025\/10\/1-5_\u526f\u672c.jpg\" alt=\"\" width=\"750\" height=\"1047\" srcset=\"https:\/\/yourstc.store\/wp-content\/uploads\/2025\/10\/1-5_\u526f\u672c.jpg 750w, https:\/\/yourstc.store\/wp-content\/uploads\/2025\/10\/1-5_\u526f\u672c-215x300.jpg 215w, https:\/\/yourstc.store\/wp-content\/uploads\/2025\/10\/1-5_\u526f\u672c-734x1024.jpg 734w, https:\/\/yourstc.store\/wp-content\/uploads\/2025\/10\/1-5_\u526f\u672c-600x838.jpg 600w, https:\/\/yourstc.store\/wp-content\/uploads\/2025\/10\/1-5_\u526f\u672c-143x200.jpg 143w\" sizes=\"(max-width: 750px) 100vw, 750px\" \/> <img decoding=\"async\" class=\"aligncenter size-full wp-image-22913\" src=\"https:\/\/yourstc.store\/wp-content\/uploads\/2025\/10\/1-8_\u526f\u672c.jpg\" alt=\"\" width=\"750\" height=\"692\" srcset=\"https:\/\/yourstc.store\/wp-content\/uploads\/2025\/10\/1-8_\u526f\u672c.jpg 750w, https:\/\/yourstc.store\/wp-content\/uploads\/2025\/10\/1-8_\u526f\u672c-300x277.jpg 300w, https:\/\/yourstc.store\/wp-content\/uploads\/2025\/10\/1-8_\u526f\u672c-600x554.jpg 600w, https:\/\/yourstc.store\/wp-content\/uploads\/2025\/10\/1-8_\u526f\u672c-150x138.jpg 150w\" sizes=\"(max-width: 750px) 100vw, 750px\" \/><\/p>\n","protected":false},"excerpt":{"rendered":"<p>Category Tea Set Material Ceramic Style Chinese Teapot Cup Material Ceramic Functionality Non-functional Packaging Method Premium Gift Box Packing List 1 \u00d7 210ml double-handled teapot 4 \u00d7 55ml tea cups 4 \u00d7 93mm tea saucers 1 \u00d7 260ml fairness pitcher 1 \u00d7 92mm tea strainer<\/p>\n","protected":false},"featured_media":7952,"comment_status":"open","ping_status":"closed","template":"","meta":[],"product_brand":[],"product_cat":[302,128,274],"product_tag":[],"class_list":{"0":"post-7875","1":"product","2":"type-product","3":"status-publish","4":"has-post-thumbnail","6":"product_cat-for-her-series","7":"product_cat-all-series","8":"product_cat-lunar-chronicles-series","10":"first","11":"instock","12":"taxable","13":"shipping-taxable","14":"purchasable","15":"product-type-simple"},"_links":{"self":[{"href":"https:\/\/yourstc.store\/es\/wp-json\/wp\/v2\/product\/7875","targetHints":{"allow":["GET"]}}],"collection":[{"href":"https:\/\/yourstc.store\/es\/wp-json\/wp\/v2\/product"}],"about":[{"href":"https:\/\/yourstc.store\/es\/wp-json\/wp\/v2\/types\/product"}],"replies":[{"embeddable":true,"href":"https:\/\/yourstc.store\/es\/wp-json\/wp\/v2\/comments?post=7875"}],"version-history":[{"count":5,"href":"https:\/\/yourstc.store\/es\/wp-json\/wp\/v2\/product\/7875\/revisions"}],"predecessor-version":[{"id":22919,"href":"https:\/\/yourstc.store\/es\/wp-json\/wp\/v2\/product\/7875\/revisions\/22919"}],"wp:featuredmedia":[{"embeddable":true,"href":"https:\/\/yourstc.store\/es\/wp-json\/wp\/v2\/media\/7952"}],"wp:attachment":[{"href":"https:\/\/yourstc.store\/es\/wp-json\/wp\/v2\/media?parent=7875"}],"wp:term":[{"taxonomy":"product_brand","embeddable":true,"href":"https:\/\/yourstc.store\/es\/wp-json\/wp\/v2\/product_brand?post=7875"},{"taxonomy":"product_cat","embeddable":true,"href":"https:\/\/yourstc.store\/es\/wp-json\/wp\/v2\/product_cat?post=7875"},{"taxonomy":"product_tag","embeddable":true,"href":"https:\/\/yourstc.store\/es\/wp-json\/wp\/v2\/product_tag?post=7875"}],"curies":[{"name":"wp","href":"https:\/\/api.w.org\/{rel}","templated":true}]}}