{"id":19692,"date":"2025-11-19T17:35:32","date_gmt":"2025-11-19T09:35:32","guid":{"rendered":"https:\/\/yourstc.store\/product\/juego-de-cuencos-de-2-piezas-wishes-come-true\/"},"modified":"2025-11-19T17:35:32","modified_gmt":"2025-11-19T09:35:32","slug":"juego-de-cuencos-de-2-piezas-wishes-come-true","status":"publish","type":"product","link":"https:\/\/yourstc.store\/es\/producto\/juego-de-cuencos-de-2-piezas-wishes-come-true\/","title":{"rendered":"Juego de cuencos de 2 piezas Wishes Come True"},"content":{"rendered":"<div class=\"item \">\n<div><\/div>\n<div><\/div>\n<div class=\"label\">\n<div>\n<div>Nombre en chino: Lechera de la colecci\u00f3n Lady Turquoise &#8211; Pomeland (130 ml)<\/div>\n<div>Nombre en ingl\u00e9s: Pomeland Creamer (130ml)<\/div>\n<div>Lista de embalaje: No disponible por el momento<\/div>\n<div>Escenarios aplicables: Universal<\/div>\n<div>Material: Cer\u00e1mica<\/div>\n<div>Estilo: Chino<\/div>\n<div>Categor\u00eda: Cafetera de vertido manual<\/div>\n<div>N\u00famero de tazas que se pueden preparar: 8 tazas o m\u00e1s<\/div>\n<\/div>\n<\/div>\n<\/div>\n<div class=\"item exclusive-row\">\n<div class=\"value\">\n<div title=\"No disponible\"><span class=\"text\"><img fetchpriority=\"high\" decoding=\"async\" class=\"aligncenter wp-image-19464 size-medium\" src=\"https:\/\/yourstc.store\/wp-content\/uploads\/2025\/11\/%E5%9B%9B%E6%96%B9%E6%9D%A5%E8%B4%A22%E5%A4%B4%E7%9B%96%E6%9D%AF%EF%BC%88400ml%EF%BC%89_%E4%B8%BB%E5%9B%BE-225x300.png\" alt=\"\" width=\"225\" height=\"300\"><\/span><\/div>\n<\/div>\n<\/div>\n","protected":false},"excerpt":{"rendered":"<p>Nombre en chino: Lechera de la colecci\u00f3n Lady Turquoise &#8211; Pomeland (130 ml) Nombre en ingl\u00e9s: Pomeland Creamer (130ml) Lista de embalaje: No disponible por el momento Escenarios aplicables: Universal Material: Cer\u00e1mica Estilo: Chino Categor\u00eda: Cafetera de vertido manual N\u00famero de tazas que se pueden preparar: 8 tazas o m\u00e1s<\/p>\n","protected":false},"featured_media":19385,"comment_status":"open","ping_status":"closed","template":"","meta":[],"product_brand":[],"product_cat":[381],"product_tag":[],"class_list":{"0":"post-19692","1":"product","2":"type-product","3":"status-publish","4":"has-post-thumbnail","6":"product_cat-los-deseos-se-hacen-realidad","7":"product_shipping_class-caracteristicas-del-producto","9":"first","10":"instock","11":"taxable","12":"shipping-taxable","13":"purchasable","14":"product-type-simple"},"_links":{"self":[{"href":"https:\/\/yourstc.store\/es\/wp-json\/wp\/v2\/product\/19692","targetHints":{"allow":["GET"]}}],"collection":[{"href":"https:\/\/yourstc.store\/es\/wp-json\/wp\/v2\/product"}],"about":[{"href":"https:\/\/yourstc.store\/es\/wp-json\/wp\/v2\/types\/product"}],"replies":[{"embeddable":true,"href":"https:\/\/yourstc.store\/es\/wp-json\/wp\/v2\/comments?post=19692"}],"version-history":[{"count":0,"href":"https:\/\/yourstc.store\/es\/wp-json\/wp\/v2\/product\/19692\/revisions"}],"wp:featuredmedia":[{"embeddable":true,"href":"https:\/\/yourstc.store\/es\/wp-json\/wp\/v2\/media\/19385"}],"wp:attachment":[{"href":"https:\/\/yourstc.store\/es\/wp-json\/wp\/v2\/media?parent=19692"}],"wp:term":[{"taxonomy":"product_brand","embeddable":true,"href":"https:\/\/yourstc.store\/es\/wp-json\/wp\/v2\/product_brand?post=19692"},{"taxonomy":"product_cat","embeddable":true,"href":"https:\/\/yourstc.store\/es\/wp-json\/wp\/v2\/product_cat?post=19692"},{"taxonomy":"product_tag","embeddable":true,"href":"https:\/\/yourstc.store\/es\/wp-json\/wp\/v2\/product_tag?post=19692"}],"curies":[{"name":"wp","href":"https:\/\/api.w.org\/{rel}","templated":true}]}}