{"id":18963,"date":"2025-11-18T14:29:48","date_gmt":"2025-11-18T06:29:48","guid":{"rendered":"https:\/\/yourstc.store\/product\/lunar-chronicles-30-piece-coffee-set\/"},"modified":"2026-03-13T19:52:08","modified_gmt":"2026-03-13T11:52:08","slug":"lunar-chronicles-30-piece-coffee-set","status":"publish","type":"product","link":"https:\/\/yourstc.store\/es\/producto\/lunar-chronicles-30-piece-coffee-set\/","title":{"rendered":"Lunar Chronicles 30-Piece Coffee Set"},"content":{"rendered":"<table class=\" aligncenter\" style=\"border-collapse: collapse;width: 455px;height: 585px\" border=\"0\" width=\"1316\" cellspacing=\"0\" cellpadding=\"0\">\n<tbody>\n<tr style=\"height: 13.50pt\">\n<td class=\"et2\" style=\"height: 13.50pt;width: 187.55pt\" width=\"500\" height=\"36\">Category<\/td>\n<td class=\"et2\" style=\"width: 306.00pt\" width=\"816\">Tea Set<\/td>\n<\/tr>\n<tr style=\"height: 13.50pt\">\n<td class=\"et2\" style=\"height: 13.50pt\" height=\"36\">Material<\/td>\n<td class=\"et2\">Ceramic\u3001Stainless steel<\/td>\n<\/tr>\n<tr style=\"height: 13.50pt\">\n<td class=\"et2\" style=\"height: 13.50pt\" height=\"36\">Style<\/td>\n<td class=\"et2\">European<\/td>\n<\/tr>\n<tr style=\"height: 13.50pt\">\n<td class=\"et2\" style=\"height: 13.50pt\" height=\"36\">Teapot Cup Material<\/td>\n<td class=\"et2\">Ceramic<\/td>\n<\/tr>\n<tr style=\"height: 13.50pt\">\n<td class=\"et2\" style=\"height: 13.50pt\" height=\"36\">Functionality<\/td>\n<td class=\"et2\">Non-functional<\/td>\n<\/tr>\n<tr style=\"height: 13.50pt\">\n<td class=\"et2\" style=\"height: 13.50pt\" height=\"36\">Packaging Method<\/td>\n<td class=\"et2\">Premium Gift Box<\/td>\n<\/tr>\n<tr style=\"height: 108.00pt\">\n<td class=\"et2\" style=\"height: 108.00pt\" height=\"288\">Packing List<\/td>\n<td class=\"et3\" style=\"width: 306.00pt\" width=\"816\">1 \u00d7 700ml double-spout pot<br \/>\n6 \u00d7 180ml cups<br \/>\n6 \u00d7 145mm saucers<br \/>\n1 \u00d7 240ml creamer<br \/>\n1 \u00d7 270ml double-compartment sugar bowl<br \/>\n1 \u00d7 271mm serving tray<br \/>\n6 \u00d7 160mm flat plates<br \/>\n6 \u00d7 fruit forks<\/td>\n<\/tr>\n<tr style=\"height: 13.50pt\">\n<td class=\"et2\" style=\"height: 13.50pt\" height=\"36\">Remarks<\/td>\n<td class=\"et2\">Original Xunfeng<\/td>\n<\/tr>\n<\/tbody>\n<\/table>\n<p><img fetchpriority=\"high\" decoding=\"async\" class=\"aligncenter size-full wp-image-22361\" src=\"https:\/\/yourstc.store\/wp-content\/uploads\/2025\/11\/83b5a5c08881823f.jpg_\u526f\u672c.jpg\" alt=\"\" width=\"790\" height=\"775\" srcset=\"https:\/\/yourstc.store\/wp-content\/uploads\/2025\/11\/83b5a5c08881823f.jpg_\u526f\u672c.jpg 790w, https:\/\/yourstc.store\/wp-content\/uploads\/2025\/11\/83b5a5c08881823f.jpg_\u526f\u672c-300x294.jpg 300w, https:\/\/yourstc.store\/wp-content\/uploads\/2025\/11\/83b5a5c08881823f.jpg_\u526f\u672c-768x753.jpg 768w, https:\/\/yourstc.store\/wp-content\/uploads\/2025\/11\/83b5a5c08881823f.jpg_\u526f\u672c-600x589.jpg 600w, https:\/\/yourstc.store\/wp-content\/uploads\/2025\/11\/83b5a5c08881823f.jpg_\u526f\u672c-150x147.jpg 150w\" sizes=\"(max-width: 790px) 100vw, 790px\" \/> <img decoding=\"async\" class=\"aligncenter size-full wp-image-22367\" src=\"https:\/\/yourstc.store\/wp-content\/uploads\/2025\/11\/ccb9f7eeb4158fbe.jpg_\u526f\u672c.jpg\" alt=\"\" width=\"790\" height=\"1031\" srcset=\"https:\/\/yourstc.store\/wp-content\/uploads\/2025\/11\/ccb9f7eeb4158fbe.jpg_\u526f\u672c.jpg 790w, https:\/\/yourstc.store\/wp-content\/uploads\/2025\/11\/ccb9f7eeb4158fbe.jpg_\u526f\u672c-230x300.jpg 230w, https:\/\/yourstc.store\/wp-content\/uploads\/2025\/11\/ccb9f7eeb4158fbe.jpg_\u526f\u672c-785x1024.jpg 785w, https:\/\/yourstc.store\/wp-content\/uploads\/2025\/11\/ccb9f7eeb4158fbe.jpg_\u526f\u672c-768x1002.jpg 768w, https:\/\/yourstc.store\/wp-content\/uploads\/2025\/11\/ccb9f7eeb4158fbe.jpg_\u526f\u672c-600x783.jpg 600w, https:\/\/yourstc.store\/wp-content\/uploads\/2025\/11\/ccb9f7eeb4158fbe.jpg_\u526f\u672c-150x196.jpg 150w\" sizes=\"(max-width: 790px) 100vw, 790px\" \/> <img decoding=\"async\" class=\"aligncenter size-full wp-image-22373\" src=\"https:\/\/yourstc.store\/wp-content\/uploads\/2025\/11\/fc46020d92dae5f5.jpg_\u526f\u672c.jpg\" alt=\"\" width=\"790\" height=\"643\" srcset=\"https:\/\/yourstc.store\/wp-content\/uploads\/2025\/11\/fc46020d92dae5f5.jpg_\u526f\u672c.jpg 790w, https:\/\/yourstc.store\/wp-content\/uploads\/2025\/11\/fc46020d92dae5f5.jpg_\u526f\u672c-300x244.jpg 300w, https:\/\/yourstc.store\/wp-content\/uploads\/2025\/11\/fc46020d92dae5f5.jpg_\u526f\u672c-768x625.jpg 768w, https:\/\/yourstc.store\/wp-content\/uploads\/2025\/11\/fc46020d92dae5f5.jpg_\u526f\u672c-600x488.jpg 600w, https:\/\/yourstc.store\/wp-content\/uploads\/2025\/11\/fc46020d92dae5f5.jpg_\u526f\u672c-150x122.jpg 150w\" sizes=\"(max-width: 790px) 100vw, 790px\" \/><\/p>\n","protected":false},"excerpt":{"rendered":"<p>Category Tea Set Material Ceramic\u3001Stainless steel Style European Teapot Cup Material Ceramic Functionality Non-functional Packaging Method Premium Gift Box Packing List 1 \u00d7 700ml double-spout pot 6 \u00d7 180ml cups 6 \u00d7 145mm saucers 1 \u00d7 240ml creamer 1 \u00d7 270ml double-compartment sugar bowl 1 \u00d7 271mm serving tray 6 \u00d7 160mm flat plates 6 \u00d7 fruit forks Remarks Original Xunfeng<\/p>\n","protected":false},"featured_media":18755,"comment_status":"open","ping_status":"closed","template":"","meta":[],"product_brand":[],"product_cat":[274],"product_tag":[],"class_list":{"0":"post-18963","1":"product","2":"type-product","3":"status-publish","4":"has-post-thumbnail","6":"product_cat-lunar-chronicles-series","7":"product_shipping_class-delicate-goods","9":"first","10":"instock","11":"taxable","12":"shipping-taxable","13":"purchasable","14":"product-type-simple"},"_links":{"self":[{"href":"https:\/\/yourstc.store\/es\/wp-json\/wp\/v2\/product\/18963","targetHints":{"allow":["GET"]}}],"collection":[{"href":"https:\/\/yourstc.store\/es\/wp-json\/wp\/v2\/product"}],"about":[{"href":"https:\/\/yourstc.store\/es\/wp-json\/wp\/v2\/types\/product"}],"replies":[{"embeddable":true,"href":"https:\/\/yourstc.store\/es\/wp-json\/wp\/v2\/comments?post=18963"}],"version-history":[{"count":4,"href":"https:\/\/yourstc.store\/es\/wp-json\/wp\/v2\/product\/18963\/revisions"}],"predecessor-version":[{"id":22379,"href":"https:\/\/yourstc.store\/es\/wp-json\/wp\/v2\/product\/18963\/revisions\/22379"}],"wp:featuredmedia":[{"embeddable":true,"href":"https:\/\/yourstc.store\/es\/wp-json\/wp\/v2\/media\/18755"}],"wp:attachment":[{"href":"https:\/\/yourstc.store\/es\/wp-json\/wp\/v2\/media?parent=18963"}],"wp:term":[{"taxonomy":"product_brand","embeddable":true,"href":"https:\/\/yourstc.store\/es\/wp-json\/wp\/v2\/product_brand?post=18963"},{"taxonomy":"product_cat","embeddable":true,"href":"https:\/\/yourstc.store\/es\/wp-json\/wp\/v2\/product_cat?post=18963"},{"taxonomy":"product_tag","embeddable":true,"href":"https:\/\/yourstc.store\/es\/wp-json\/wp\/v2\/product_tag?post=18963"}],"curies":[{"name":"wp","href":"https:\/\/api.w.org\/{rel}","templated":true}]}}