{"id":10554,"date":"2025-10-30T11:37:34","date_gmt":"2025-10-30T03:37:34","guid":{"rendered":"https:\/\/yourstc.store\/?post_type=product&#038;p=10554"},"modified":"2026-03-13T19:54:17","modified_gmt":"2026-03-13T11:54:17","slug":"guangcai-legacy-8-piece-coffee-set","status":"publish","type":"product","link":"https:\/\/yourstc.store\/ar\/product\/guangcai-legacy-8-piece-coffee-set\/","title":{"rendered":"Guangcai Legacy 8-Piece Coffee Set"},"content":{"rendered":"<table class=\" aligncenter\" style=\"border-collapse: collapse;width: 366px;height: 460px\" border=\"0\" width=\"1787\" cellspacing=\"0\" cellpadding=\"0\">\n<tbody>\n<tr style=\"height: 13.50pt\">\n<td class=\"et2\" style=\"height: 13.50pt;width: 147.05pt\" width=\"392\" height=\"36\">Category<\/td>\n<td class=\"et2\" style=\"width: 523.20pt\" width=\"1395\">Tea Set<\/td>\n<\/tr>\n<tr style=\"height: 13.50pt\">\n<td class=\"et2\" style=\"height: 13.50pt\" height=\"36\">Material<\/td>\n<td class=\"et2\">Ceramic, Stainless Steel<\/td>\n<\/tr>\n<tr style=\"height: 13.50pt\">\n<td class=\"et2\" style=\"height: 13.50pt\" height=\"36\">Style<\/td>\n<td class=\"et2\">Chinese<\/td>\n<\/tr>\n<tr style=\"height: 13.50pt\">\n<td class=\"et2\" style=\"height: 13.50pt\" height=\"36\">Functionality<\/td>\n<td class=\"et2\">Non-functional<\/td>\n<\/tr>\n<tr style=\"height: 13.50pt\">\n<td class=\"et2\" style=\"height: 13.50pt\" height=\"36\">Tea Tray Material<\/td>\n<td class=\"et2\">Ceramic<\/td>\n<\/tr>\n<tr style=\"height: 13.50pt\">\n<td class=\"et2\" style=\"height: 13.50pt\" height=\"36\">Packaging Method<\/td>\n<td class=\"et2\">Premium Gift Box<\/td>\n<\/tr>\n<tr style=\"height: 54.00pt\">\n<td class=\"et2\" style=\"height: 54.00pt\" height=\"144\">Packing List<\/td>\n<td class=\"et3\" style=\"width: 523.20pt\" width=\"1395\">1 \u00d7 480ml teapot (2-handle),<br \/>\n2 \u00d7 200ml cups<br \/>\n2 \u00d7 131mm saucers<br \/>\n2 dessert spoons<\/td>\n<\/tr>\n<\/tbody>\n<\/table>\n<p><img fetchpriority=\"high\" decoding=\"async\" class=\"aligncenter size-full wp-image-20586\" src=\"https:\/\/yourstc.store\/wp-content\/uploads\/2025\/10\/8f0f11703d9b8cbc_\u526f\u672c.png\" alt=\"\" width=\"790\" height=\"1116\" srcset=\"https:\/\/yourstc.store\/wp-content\/uploads\/2025\/10\/8f0f11703d9b8cbc_\u526f\u672c.png 790w, https:\/\/yourstc.store\/wp-content\/uploads\/2025\/10\/8f0f11703d9b8cbc_\u526f\u672c-212x300.png 212w, https:\/\/yourstc.store\/wp-content\/uploads\/2025\/10\/8f0f11703d9b8cbc_\u526f\u672c-725x1024.png 725w, https:\/\/yourstc.store\/wp-content\/uploads\/2025\/10\/8f0f11703d9b8cbc_\u526f\u672c-768x1085.png 768w, https:\/\/yourstc.store\/wp-content\/uploads\/2025\/10\/8f0f11703d9b8cbc_\u526f\u672c-600x848.png 600w, https:\/\/yourstc.store\/wp-content\/uploads\/2025\/10\/8f0f11703d9b8cbc_\u526f\u672c-142x200.png 142w\" sizes=\"(max-width: 790px) 100vw, 790px\" \/> <img decoding=\"async\" class=\"aligncenter size-full wp-image-20613\" src=\"https:\/\/yourstc.store\/wp-content\/uploads\/2025\/10\/df280968224ee89a_\u526f\u672c.png\" alt=\"\" width=\"790\" height=\"466\" srcset=\"https:\/\/yourstc.store\/wp-content\/uploads\/2025\/10\/df280968224ee89a_\u526f\u672c.png 790w, https:\/\/yourstc.store\/wp-content\/uploads\/2025\/10\/df280968224ee89a_\u526f\u672c-300x177.png 300w, https:\/\/yourstc.store\/wp-content\/uploads\/2025\/10\/df280968224ee89a_\u526f\u672c-768x453.png 768w, https:\/\/yourstc.store\/wp-content\/uploads\/2025\/10\/df280968224ee89a_\u526f\u672c-600x354.png 600w, https:\/\/yourstc.store\/wp-content\/uploads\/2025\/10\/df280968224ee89a_\u526f\u672c-150x88.png 150w\" sizes=\"(max-width: 790px) 100vw, 790px\" \/> <img decoding=\"async\" class=\"aligncenter size-full wp-image-20598\" src=\"https:\/\/yourstc.store\/wp-content\/uploads\/2025\/10\/a4b732e01f7f061c_\u526f\u672c.png\" alt=\"\" width=\"790\" height=\"814\" srcset=\"https:\/\/yourstc.store\/wp-content\/uploads\/2025\/10\/a4b732e01f7f061c_\u526f\u672c.png 790w, https:\/\/yourstc.store\/wp-content\/uploads\/2025\/10\/a4b732e01f7f061c_\u526f\u672c-291x300.png 291w, https:\/\/yourstc.store\/wp-content\/uploads\/2025\/10\/a4b732e01f7f061c_\u526f\u672c-768x791.png 768w, https:\/\/yourstc.store\/wp-content\/uploads\/2025\/10\/a4b732e01f7f061c_\u526f\u672c-600x618.png 600w, https:\/\/yourstc.store\/wp-content\/uploads\/2025\/10\/a4b732e01f7f061c_\u526f\u672c-150x155.png 150w\" sizes=\"(max-width: 790px) 100vw, 790px\" \/><\/p>\n","protected":false},"excerpt":{"rendered":"<p>Category Tea Set Material Ceramic, Stainless Steel Style Chinese Functionality Non-functional Tea Tray Material Ceramic Packaging Method Premium Gift Box Packing List 1 \u00d7 480ml teapot (2-handle), 2 \u00d7 200ml cups 2 \u00d7 131mm saucers 2 dessert spoons<\/p>\n","protected":false},"featured_media":10555,"comment_status":"open","ping_status":"closed","template":"","meta":[],"product_brand":[],"product_cat":[302,40,128,282],"product_tag":[],"class_list":{"0":"post-10554","1":"product","2":"type-product","3":"status-publish","4":"has-post-thumbnail","6":"product_cat-for-her-series","7":"product_cat-ceramic","8":"product_cat-all-series","9":"product_cat-guangcai-legacy-series","10":"product_shipping_class-delicate-goods","12":"first","13":"instock","14":"taxable","15":"shipping-taxable","16":"purchasable","17":"product-type-simple"},"_links":{"self":[{"href":"https:\/\/yourstc.store\/ar\/wp-json\/wp\/v2\/product\/10554","targetHints":{"allow":["GET"]}}],"collection":[{"href":"https:\/\/yourstc.store\/ar\/wp-json\/wp\/v2\/product"}],"about":[{"href":"https:\/\/yourstc.store\/ar\/wp-json\/wp\/v2\/types\/product"}],"replies":[{"embeddable":true,"href":"https:\/\/yourstc.store\/ar\/wp-json\/wp\/v2\/comments?post=10554"}],"version-history":[{"count":5,"href":"https:\/\/yourstc.store\/ar\/wp-json\/wp\/v2\/product\/10554\/revisions"}],"predecessor-version":[{"id":20620,"href":"https:\/\/yourstc.store\/ar\/wp-json\/wp\/v2\/product\/10554\/revisions\/20620"}],"wp:featuredmedia":[{"embeddable":true,"href":"https:\/\/yourstc.store\/ar\/wp-json\/wp\/v2\/media\/10555"}],"wp:attachment":[{"href":"https:\/\/yourstc.store\/ar\/wp-json\/wp\/v2\/media?parent=10554"}],"wp:term":[{"taxonomy":"product_brand","embeddable":true,"href":"https:\/\/yourstc.store\/ar\/wp-json\/wp\/v2\/product_brand?post=10554"},{"taxonomy":"product_cat","embeddable":true,"href":"https:\/\/yourstc.store\/ar\/wp-json\/wp\/v2\/product_cat?post=10554"},{"taxonomy":"product_tag","embeddable":true,"href":"https:\/\/yourstc.store\/ar\/wp-json\/wp\/v2\/product_tag?post=10554"}],"curies":[{"name":"wp","href":"https:\/\/api.w.org\/{rel}","templated":true}]}}